{"id":7565,"date":"2025-02-08T11:25:57","date_gmt":"2025-02-08T11:25:57","guid":{"rendered":"https:\/\/scandinavian-international-clinics.es\/terms-and-conditions\/"},"modified":"2025-02-09T14:55:59","modified_gmt":"2025-02-09T14:55:59","slug":"vilkar-og-betingelser","status":"publish","type":"page","link":"https:\/\/scandinavian-international-clinics.es\/no\/vilkar-og-betingelser\/","title":{"rendered":"Vilk\u00e5r og betingelser"},"content":{"rendered":"\t\t<div data-elementor-type=\"wp-page\" data-elementor-id=\"7565\" class=\"elementor elementor-7565 elementor-7511\">\n\t\t\t\t        <section class=\"elementor-section elementor-top-section elementor-element elementor-element-ea8e820 elementor-section-boxed elementor-section-height-default elementor-section-height-default ct-header-fixed-none ct-row-max-none\" data-id=\"ea8e820\" data-element_type=\"section\">\n            \n                        <div class=\"elementor-container elementor-column-gap-extended \">\n                    <div class=\"elementor-column elementor-col-100 elementor-top-column elementor-element elementor-element-f835ecc\" data-id=\"f835ecc\" data-element_type=\"column\">\n        <div class=\"elementor-widget-wrap elementor-element-populated\">\n                    \n        \t\t<div class=\"elementor-element elementor-element-fa14f33 elementor-widget elementor-widget-ct_heading\" data-id=\"fa14f33\" data-element_type=\"widget\" data-widget_type=\"ct_heading.default\">\n\t\t\t\t<div class=\"elementor-widget-container\">\n\t\t\t\t\t<div id=\"ct_heading-fa14f33\" class=\"ct-heading h-align- sub- ct-heading-left item-st-line-left1\">\r\n\t<div class=\"ct-item--inner\">\r\n        <div class=\"ct-inline-css\"  data-css=\"\r\n            \">\r\n        <\/div>\r\n                <h3 class=\"item--title st-line-left1 case-animate-time\" data-wow-delay=\"ms\">\r\n                        <span class=\"sp-main\">\r\n                                    <i><\/i>\r\n                \r\n                Personvernerkl\u00e6ring\r\n                \r\n                            <\/span>\r\n                    <\/h3>\r\n    <\/div>\r\n<\/div>\t\t\t\t<\/div>\n\t\t\t\t<\/div>\n\t\t\t\t<div class=\"elementor-element elementor-element-18cd839 elementor-widget elementor-widget-text-editor\" data-id=\"18cd839\" data-element_type=\"widget\" data-widget_type=\"text-editor.default\">\n\t\t\t\t\t\t\t\t\t<div class=\"container\"><p>Scandinavian International Clinics SL (Org.nr: B67644716, Calle Marques de Campo, 60 &#8211; Piso 2 18, 03700 Denia, Spania) (\u00abvi\u00bb, \u00aboss\u00bb, \u00abv\u00e5r\u00bb) respekterer ditt personvern og er forpliktet til \u00e5 beskytte dine personopplysninger. Denne personvernpolicyen forklarer hvordan vi samler inn, bruker, lagrer og deler dine personopplysninger i samsvar med GDPR (General Data Protection Regulation). Det juridiske grunnlaget for datainnsamling er enten ditt samtykke eller v\u00e5r legitime interesse i \u00e5 forbedre v\u00e5re tjenester og funksjonaliteten til nettsiden v\u00e5r.<\/p><\/div><div class=\"container\"><h5>Hvilke data samler vi inn?<\/h5><p>P\u00e5 denne nettsiden samler vi ikke inn sensitive personopplysninger, som helseinformasjon, religi\u00f8se overbevisninger eller politiske meninger.<br \/>Vi samler inn f\u00f8lgende personopplysninger:<\/p><ul><li>Navn<\/li><li>E-postadresse<\/li><li>IP-adresse<\/li><\/ul><\/div><div class=\"container\"><h5>Hvordan samler vi inn dataene?<\/h5><p>Vi samler inn dataene dine p\u00e5 f\u00f8lgende m\u00e5ter:<\/p><\/div><div class=\"container\"><ul><li>Gjennom skjemaer du fyller ut p\u00e5 v\u00e5r nettside (scandinavian-international-clinics.es).<\/li><li>Gjennom informasjonskapsler (cookies) som vi bruker for \u00e5 forbedre funksjonalitet (n\u00f8dvendige og funksjonelle cookies) og til analytiske form\u00e5l (analytiske cookies). Brukere kan velge \u00e5 akseptere eller avvise disse informasjonskapslene n\u00e5r de bes\u00f8ker nettsiden, og innstillinger kan administreres via cookie-banneret eller nettleserens innstillinger.<\/li><\/ul><\/div><div class=\"container\"><h5>Datasikkerhet<\/h5><\/div><div class=\"container\"><p>Vi iverksetter hensiktsmessige tekniske og organisatoriske tiltak for \u00e5 beskytte dine personopplysninger mot uautorisert tilgang, endring, distribusjon eller \u00f8deleggelse. Kun autorisert personell har tilgang til dine data.<\/p><\/div><div class=\"container\"><h5>Hvordan bruker vi dataene?<\/h5><\/div><div class=\"container\"><p>Vi bruker de innsamlede dataene til:<\/p><ul><li>\u00c5 gi relevant informasjon om v\u00e5re tjenester.<\/li><li>\u00c5 forbedre funksjonaliteten p\u00e5 nettsiden og analysere trafikkm\u00f8nstre gjennom Google Analytics.<\/li><li>\u00c5 sende markedsf\u00f8ringskommunikasjon (kun med ditt samtykke).<\/li><li>\u00c5 gjennomf\u00f8re kundeunders\u00f8kelser for \u00e5 forbedre v\u00e5re tjenester.<\/li><\/ul><\/div><div class=\"container\"><h5>Deling av personopplysninger<\/h5><\/div><div class=\"container\"><p>Vi deler personopplysninger med f\u00f8lgende tredjepart:<\/p><ul><li><strong>Google Analytics, for analytiske form\u00e5l:<\/strong><br \/>Vi anonymiserer personopplysninger n\u00e5r vi bruker Google Analytics og har en databehandleravtale med Google for \u00e5 sikre databeskyttelse. Google kan noen ganger dele denne informasjonen med andre Google-tjenester. Data kan overf\u00f8res utenfor E\u00d8S, og vi s\u00f8rger for at tilstrekkelige sikkerhetstiltak er p\u00e5 plass for \u00e5 beskytte dataene dine. Du kan velge bort sporing fra Google Analytics ved \u00e5 bruke Google Analytics opt-out browser add-on.<\/li><\/ul><p>Vi deler ikke opplysningene dine med andre tredjeparter utover det som er n\u00f8dvendig for \u00e5 oppfylle disse form\u00e5lene.<\/p><\/div><div class=\"container\"><h5>Hvor lenge lagrer vi dataene dine?<\/h5><\/div><div class=\"container\"><p>Vi lagrer personopplysningene dine i opptil 2 \u00e5r eller til du ber om sletting. Denne 2-\u00e5rs lagringsperioden er valgt for \u00e5 muliggj\u00f8re kontinuerlig forbedring av v\u00e5re tjenester og for \u00e5 h\u00e5ndtere kundehenvendelser. Kriterier som kan p\u00e5virke lagringstiden inkluderer lovkrav, p\u00e5g\u00e5ende kunderelasjoner og v\u00e5rt juridiske grunnlag for databehandling.<\/p><p>For dataoverf\u00f8ringer til tredjeparter utenfor EU bruker vi standard kontraktsbestemmelser (SCC-er) eller andre godkjente sikkerhetstiltak.<\/p><\/div><div class=\"container\"><h5>Dine rettigheter<\/h5><\/div><div class=\"container\"><p>Du har rettigheter i henhold til GDPR, inkludert:<\/p><ul><li>Rett til \u00e5 be om tilgang til dine data.<\/li><li>Rett til \u00e5 korrigere feilaktige data.<\/li><li>Rett til \u00e5 be om at vi sletter dine data.<\/li><li>Rett til dataportabilitet, som betyr at du kan be om dataene dine i et strukturert, vanlig brukt og maskinlesbart format.<\/li><li>Rett til \u00e5 protestere mot behandling av dine personopplysninger, spesielt n\u00e5r behandlingen er basert p\u00e5 v\u00e5re legitime interesser.<\/li><li>Rett til \u00e5 trekke tilbake samtykke n\u00e5r som helst uten \u00e5 p\u00e5virke lovligheten av behandling utf\u00f8rt f\u00f8r tilbaketrekkingen.<\/li><\/ul><p>Hvis du \u00f8nsker \u00e5 ut\u00f8ve noen av dine rettigheter, vennligst kontakt oss p\u00e5 <a href=\"mailto:%20admin@scandinavian-international-clinics.es\">admin@scandinavian-international-clinics.es<\/a> Du har rett til \u00e5 be om sletting av dine personopplysninger n\u00e5r som helst ved \u00e5 kontakte oss p\u00e5 <a href=\"mailto:%20admin@scandinavian-international-clinics.es\">admin@scandinavian-international-clinics.es<\/a><\/p><\/div><div class=\"container\"><h5>Informasjonskapsler<\/h5><\/div><div class=\"container\"><p>V\u00e5r nettside bruker informasjonskapsler for funksjonelle og analytiske form\u00e5l. Ved \u00e5 bes\u00f8ke v\u00e5r nettside, samtykker du til bruken av informasjonskapsler, som n\u00e5r som helst kan trekkes tilbake via innstillingene i nettleseren din.<\/p><\/div><div class=\"container\"><h5>Kontaktinformasjon<\/h5><\/div><div class=\"container\"><div class=\"flex-1 overflow-hidden @container\/thread translate-y-[1.5rem] -mt-[1.5rem] pb-[1.5rem]\"><div class=\"h-full\"><div class=\"react-scroll-to-bottom--css-huplz-79elbk h-full\"><div class=\"react-scroll-to-bottom--css-huplz-1n7m0yu\"><div class=\"flex flex-col text-sm md:pb-9\"><article class=\"w-full text-token-text-primary focus-visible:outline-2 focus-visible:outline-offset-[-4px]\" dir=\"auto\" data-testid=\"conversation-turn-271\" data-scroll-anchor=\"true\"><div class=\"m-auto text-base py-[18px] px-6\"><div class=\"mx-auto flex flex-1 gap-4 text-base md:gap-5 lg:gap-6 md:max-w-3xl lg:max-w-[40rem] xl:max-w-[48rem]\"><div class=\"group\/conversation-turn relative flex w-full min-w-0 flex-col agent-turn @xs\/thread:px-0 @sm\/thread:px-1.5 @md\/thread:px-4\"><div class=\"flex-col gap-1 md:gap-3\"><div class=\"flex max-w-full flex-col flex-grow\"><div class=\"min-h-8 text-message flex w-full flex-col items-end gap-2 whitespace-normal break-words text-start [.text-message+&amp;]:mt-5\" dir=\"auto\" data-message-author-role=\"assistant\" data-message-id=\"d9fa5208-966d-45d8-ab0b-e1c508cb3cde\" data-message-model-slug=\"gpt-4o\"><div class=\"flex w-full flex-col gap-1 empty:hidden first:pt-[3px]\"><div class=\"markdown prose w-full break-words dark:prose-invert light\"><p>Hvis du har sp\u00f8rsm\u00e5l eller bekymringer ang\u00e5ende v\u00e5r personvernerkl\u00e6ring, vennligst kontakt oss p\u00e5 <a href=\"mailto:%20admin@scandinavian-international-clinics.es\">admin@scandinavian-international-clinics.es<\/a><\/p><\/div><\/div><\/div><\/div><\/div><\/div><\/div><\/div><\/article><\/div><\/div><\/div><\/div><\/div><\/div><div class=\"container\"><h5>Oppdateringer til denne personvernerkl\u00e6ringen<\/h5><\/div><div class=\"container\"><p>Vi kan oppdatere denne personvernerkl\u00e6ringen fra tid til annen. Hvis vi gj\u00f8r vesentlige endringer, vil vi informere deg via e-post eller gjennom en melding p\u00e5 v\u00e5r nettside f\u00f8r endringene trer i kraft.<\/p><\/div><div class=\"container\"><hr class=\"wp-block-separator\" \/><\/div><div class=\"container\"><h2>\u00a0<\/h2><h2>Vilk\u00e5r og betingelser<\/h2><\/div><div class=\"container\"><h5>1. Generelt<\/h5><\/div><div class=\"container\"><p>Disse vilk\u00e5rene regulerer bruken av nettstedet scandinavian-international-clinics.es, eid og drevet av Scandinavian International Clinics SL (Org.nr: B67644716, Calle Marques de Campo, 60 \u2013 Piso 2 18, 03700 Denia, Spania) (\u00abvi\u00bb, \u00aboss\u00bb, \u00abv\u00e5r\u00bb). Ved \u00e5 bruke nettstedet v\u00e5rt aksepterer du disse vilk\u00e5rene.<\/p><\/div><div class=\"container\"><h5>2. Bruk av nettstedet<\/h5><\/div><div class=\"container\"><p>Nettstedet kan kun brukes i samsvar med gjeldende lover og til personlige, ikke-kommersielle form\u00e5l. Du m\u00e5 ikke bruke nettstedet v\u00e5rt p\u00e5 en m\u00e5te som kan skade, forstyrre eller begrense andres bruk av nettstedet.<\/p><\/div><div class=\"container\"><h5>3. Ansvarsbegrensning<\/h5><\/div><div class=\"container\"><p>Vi tilstreber \u00e5 holde nettstedet v\u00e5rt oppdatert og n\u00f8yaktig, men vi kan ikke garantere at all informasjon til enhver tid er fullstendig eller korrekt. Vi er ikke ansvarlige for direkte eller indirekte skader som kan oppst\u00e5 ved bruk av nettstedet v\u00e5rt.<\/p><\/div><div class=\"container\"><h5>4. Immaterielle rettigheter<\/h5><\/div><div class=\"container\"><p>Alt innhold p\u00e5 dette nettstedet, inkludert tekst, bilder og grafikk, er beskyttet av opphavsrett og tilh\u00f8rer Scandinavian International Clinics SL eller deres lisensgivere. Bruk av innhold uten tillatelse er forbudt.<\/p><\/div><div class=\"container\"><h5>5. Endringer i vilk\u00e5rene<\/h5><\/div><div class=\"container\"><p>Vi forbeholder oss retten til \u00e5 endre disse vilk\u00e5rene n\u00e5r som helst. Eventuelle endringer vil bli publisert p\u00e5 denne siden og tre i kraft umiddelbart etter publisering. For vesentlige endringer vil brukere bli informert p\u00e5 forh\u00e5nd for \u00e5 sikre \u00e5penhet.<\/p><\/div><div class=\"container\"><h5>6. Kontaktinformasjon<\/h5><\/div><div class=\"container\"><p>For sp\u00f8rsm\u00e5l om disse vilk\u00e5rene, vennligst kontakt oss p\u00e5 <a href=\"mailto:%20admin@scandinavian-international-clinics.es\">admin@scandinavian-international-clinics.es<\/a><\/p><\/div>\t\t\t\t\t\t\t\t<\/div>\n\t\t            <\/div>\n        <\/div>\n                    <\/div>\n        <\/section>\n        \t\t<\/div>\n\t\t","protected":false},"excerpt":{"rendered":"<p>Personvernerkl\u00e6ring Scandinavian International Clinics SL (Org.nr: B67644716, Calle Marques de Campo, 60 &#8211; Piso 2 18, 03700 Denia, Spania) (\u00abvi\u00bb, \u00aboss\u00bb, \u00abv\u00e5r\u00bb) respekterer ditt personvern og er forpliktet til \u00e5 beskytte dine personopplysninger. Denne personvernpolicyen forklarer hvordan vi samler inn, bruker, lagrer og deler dine personopplysninger i samsvar med GDPR (General Data Protection Regulation). Det [&hellip;]<\/p>\n","protected":false},"author":1,"featured_media":0,"parent":0,"menu_order":0,"comment_status":"closed","ping_status":"closed","template":"elementor_theme","meta":{"footnotes":""},"class_list":["post-7565","page","type-page","status-publish","hentry"],"aioseo_notices":[],"_links":{"self":[{"href":"https:\/\/scandinavian-international-clinics.es\/no\/wp-json\/wp\/v2\/pages\/7565","targetHints":{"allow":["GET"]}}],"collection":[{"href":"https:\/\/scandinavian-international-clinics.es\/no\/wp-json\/wp\/v2\/pages"}],"about":[{"href":"https:\/\/scandinavian-international-clinics.es\/no\/wp-json\/wp\/v2\/types\/page"}],"author":[{"embeddable":true,"href":"https:\/\/scandinavian-international-clinics.es\/no\/wp-json\/wp\/v2\/users\/1"}],"replies":[{"embeddable":true,"href":"https:\/\/scandinavian-international-clinics.es\/no\/wp-json\/wp\/v2\/comments?post=7565"}],"version-history":[{"count":44,"href":"https:\/\/scandinavian-international-clinics.es\/no\/wp-json\/wp\/v2\/pages\/7565\/revisions"}],"predecessor-version":[{"id":7871,"href":"https:\/\/scandinavian-international-clinics.es\/no\/wp-json\/wp\/v2\/pages\/7565\/revisions\/7871"}],"wp:attachment":[{"href":"https:\/\/scandinavian-international-clinics.es\/no\/wp-json\/wp\/v2\/media?parent=7565"}],"curies":[{"name":"wp","href":"https:\/\/api.w.org\/{rel}","templated":true}]}}