{"id":7139,"date":"2025-01-22T10:08:49","date_gmt":"2025-01-22T10:08:49","guid":{"rendered":"https:\/\/scandinavian-international-clinics.es\/norsk-medisinsk-klinikk-i-denia\/engelsktalende-lege-i-denia\/"},"modified":"2025-12-01T18:54:49","modified_gmt":"2025-12-01T18:54:49","slug":"norsk-lege-i-denia","status":"publish","type":"page","link":"https:\/\/scandinavian-international-clinics.es\/no\/norsk-medisinsk-klinikk-i-denia\/norsk-lege-i-denia\/","title":{"rendered":"Norsk lege i D\u00e9nia"},"content":{"rendered":"\t\t<div data-elementor-type=\"wp-page\" data-elementor-id=\"7139\" class=\"elementor elementor-7139 elementor-5103\">\n\t\t\t\t        <section class=\"elementor-section elementor-top-section elementor-element elementor-element-3b7cf60 elementor-section-boxed elementor-section-height-default elementor-section-height-default ct-header-fixed-none ct-row-max-none\" data-id=\"3b7cf60\" data-element_type=\"section\">\n            \n                        <div class=\"elementor-container elementor-column-gap-extended \">\n                    <div class=\"elementor-column elementor-col-66 elementor-top-column elementor-element elementor-element-98f7ee9\" data-id=\"98f7ee9\" data-element_type=\"column\">\n        <div class=\"elementor-widget-wrap elementor-element-populated\">\n                    \n        \t\t<div class=\"elementor-element elementor-element-418f9dc elementor-widget elementor-widget-ct_title\" data-id=\"418f9dc\" data-element_type=\"widget\" data-widget_type=\"ct_title.default\">\n\t\t\t\t<div class=\"elementor-widget-container\">\n\t\t\t\t\t<div class=\"ct-title1 style2\">\r\n    <h3>\r\n    \t\t        <span>Norsktalende lege i D\u00e9nia<\/span>\r\n\t        <i><\/i>\r\n\t        <\/h3>\r\n<\/div>\t\t\t\t<\/div>\n\t\t\t\t<\/div>\n\t\t\t\t<div class=\"elementor-element elementor-element-c3c56a3 elementor-widget elementor-widget-text-editor\" data-id=\"c3c56a3\" data-element_type=\"widget\" data-widget_type=\"text-editor.default\">\n\t\t\t\t\t\t\t\t\t<p>Trenger du en norsktalende lege i D\u00e9nia?<\/p><p><a href=\"https:\/\/scandinavian-international-clinics.es\/no\/norsk-medisinsk-klinikk-i-albir\/norsk-lege-i-albir\/\">For \u00e5 n\u00e5 en norsk lege i Albir, klikk her.<\/a><\/p><p>V\u00e5r medisinske klinikk i D\u00e9nia tilbyr helsetjenester av h\u00f8y kvalitet for b\u00e5de fastboende og bes\u00f8kende. V\u00e5re erfarne allmennleger tilbyr omfattende medisinske tjenester, fra diagnostisering og behandling av vanlige sykdommer til h\u00e5ndtering av kroniske tilstander. Enten du trenger rutinemessige helsesjekker, vaksinasjoner, mindre kirurgiske inngrep eller gynekologisk omsorg, s\u00f8rger vi for rask og profesjonell behandling n\u00e6r deg i D\u00e9nia.<\/p><p>I tillegg til allmenn- og familiemedisin gir v\u00e5r klinikk tilgang til spesialister innen indremedisin og nevrologi. Vi fokuserer p\u00e5 personlig tilpasset omsorg, som kombinerer avansert medisinsk ekspertise med en pasientsentrert tiln\u00e6rming.<\/p><p>Hvis du ser etter en engelsktalende lege i D\u00e9nia, er v\u00e5rt flerspr\u00e5klige team klart til \u00e5 hjelpe deg med rask og profesjonell helsehjelp.<\/p>\t\t\t\t\t\t\t\t<\/div>\n\t\t\t\t<div class=\"elementor-element elementor-element-3d6e49f elementor-widget elementor-widget-text-editor\" data-id=\"3d6e49f\" data-element_type=\"widget\" data-widget_type=\"text-editor.default\">\n\t\t\t\t\t\t\t\t\t<h5>Ring oss for \u00e5 bestille time: <a href=\"tel: +34 965 502 312\">+34 965 50 23 12<\/a><\/h5>\t\t\t\t\t\t\t\t<\/div>\n\t\t\t\t<div class=\"elementor-element elementor-element-4b356a9 elementor-widget elementor-widget-ct_gallery_carousel\" data-id=\"4b356a9\" data-element_type=\"widget\" data-widget_type=\"ct_gallery_carousel.default\">\n\t\t\t\t<div class=\"elementor-widget-container\">\n\t\t\t\t\t    <div class=\"ct-gallery-carousel1 ct-slick-slider\">\r\n        <div class=\"ct-carousel-inner\">\r\n            <div class=\"ct-slick-carousel\" data-arrows=\"\" data-dots=\"true\" data-pauseOnHover=\"\" data-autoplay=\"true\" data-autoplaySpeed=\"5000\" data-infinite=\"\" data-speed=\"500\" data-colxs=\"1\" data-colsm=\"2\" data-colmd=\"2\" data-collg=\"2\" data-colxl=\"2\" data-dir=\"false\" data-slidesToScroll=\"2\">\r\n                                    <div class=\"slick-slide\">\r\n                        <img fetchpriority=\"high\" decoding=\"async\" class=\"\" src=\"https:\/\/scandinavian-international-clinics.es\/wp-content\/uploads\/2025\/02\/Lege-Denia-475x600.jpg\" width=\"475\" height=\"600\" alt=\"Lege D\u00e9nia\" title=\"Lege D\u00e9nia\" \/>                    <\/div>\r\n                                    <div class=\"slick-slide\">\r\n                        <img decoding=\"async\" class=\"\" src=\"https:\/\/scandinavian-international-clinics.es\/wp-content\/uploads\/2025\/02\/Lege-Denia-vaksinasjon-475x600.jpg\" width=\"475\" height=\"600\" alt=\"Lege D\u00e9nia vaksinasjon\" title=\"Lege D\u00e9nia vaksinasjon\" \/>                    <\/div>\r\n                                    <div class=\"slick-slide\">\r\n                        <img decoding=\"async\" class=\"\" src=\"https:\/\/scandinavian-international-clinics.es\/wp-content\/uploads\/2025\/02\/Legetime-i-Denia-475x600.jpg\" width=\"475\" height=\"600\" alt=\"Legetime i D\u00e9nia\" title=\"Legetime i D\u00e9nia\" \/>                    <\/div>\r\n                                    <div class=\"slick-slide\">\r\n                        <img loading=\"lazy\" decoding=\"async\" class=\"\" src=\"https:\/\/scandinavian-international-clinics.es\/wp-content\/uploads\/2025\/02\/Lege-Denia-resept-475x600.jpg\" width=\"475\" height=\"600\" alt=\"Lege D\u00e9nia resept\" title=\"Lege D\u00e9nia resept\" \/>                    <\/div>\r\n                            <\/div>\r\n        <\/div>\r\n    <\/div>\r\n\t\t\t\t<\/div>\n\t\t\t\t<\/div>\n\t\t\t\t<div class=\"elementor-element elementor-element-704643e elementor-widget elementor-widget-text-editor\" data-id=\"704643e\" data-element_type=\"widget\" data-widget_type=\"text-editor.default\">\n\t\t\t\t\t\t\t\t\t<h5>Spesialiteter:<\/h5>\t\t\t\t\t\t\t\t<\/div>\n\t\t\t\t<div class=\"elementor-element elementor-element-73e03b8 elementor-widget elementor-widget-ct_list\" data-id=\"73e03b8\" data-element_type=\"widget\" data-widget_type=\"ct_list.default\">\n\t\t\t\t<div class=\"elementor-widget-container\">\n\t\t\t\t\t    <div class=\"ct-list style1 \">\r\n                    <div class=\"ct-list-item \" data-wow-delay=\"ms\">\r\n            \t<div class=\"ct-list-icon\"><i class=\"fac fac-check-circle\"><\/i><\/div>\r\n            \t<div class=\"ct-list-meta\">\r\n\t            \t<div class=\"ct-list-desc\">\r\n\t            \t\tDiagnose og behandling av akutte og kroniske sykdommer\t            \t<\/div>\r\n                    \t            <\/div>\r\n           <\/div>\r\n                    <div class=\"ct-list-item \" data-wow-delay=\"ms\">\r\n            \t<div class=\"ct-list-icon\"><i class=\"fac fac-check-circle\"><\/i><\/div>\r\n            \t<div class=\"ct-list-meta\">\r\n\t            \t<div class=\"ct-list-desc\">\r\n\t            \t\tHjemmebes\u00f8k\n\t            \t<\/div>\r\n                    \t            <\/div>\r\n           <\/div>\r\n                    <div class=\"ct-list-item \" data-wow-delay=\"ms\">\r\n            \t<div class=\"ct-list-icon\"><i class=\"fac fac-check-circle\"><\/i><\/div>\r\n            \t<div class=\"ct-list-meta\">\r\n\t            \t<div class=\"ct-list-desc\">\r\n\t            \t\tReisemedisin og vaksinasjoner\t            \t<\/div>\r\n                    \t            <\/div>\r\n           <\/div>\r\n                    <div class=\"ct-list-item \" data-wow-delay=\"ms\">\r\n            \t<div class=\"ct-list-icon\"><i class=\"fac fac-check-circle\"><\/i><\/div>\r\n            \t<div class=\"ct-list-meta\">\r\n\t            \t<div class=\"ct-list-desc\">\r\n\t            \t\tFamiliemedisin og allmennpraksis: Behandling av barn, ungdom og voksne for et bredt spekter av vanlige medisinske tilstander og fremme av generell familiehelse.\t            \t<\/div>\r\n                    \t            <\/div>\r\n           <\/div>\r\n                    <div class=\"ct-list-item \" data-wow-delay=\"ms\">\r\n            \t<div class=\"ct-list-icon\"><i class=\"fac fac-check-circle\"><\/i><\/div>\r\n            \t<div class=\"ct-list-meta\">\r\n\t            \t<div class=\"ct-list-desc\">\r\n\t            \t\tBehandling av muskel- og skjelettsmerter: Tilbyr nevralterapi, en effektiv metode for h\u00e5ndtering av kroniske smerter, i samarbeid med Dr. Michael Ballke.\n\t            \t<\/div>\r\n                    \t            <\/div>\r\n           <\/div>\r\n                    <div class=\"ct-list-item \" data-wow-delay=\"ms\">\r\n            \t<div class=\"ct-list-icon\"><i class=\"fac fac-check-circle\"><\/i><\/div>\r\n            \t<div class=\"ct-list-meta\">\r\n\t            \t<div class=\"ct-list-desc\">\r\n\t            \t\tMindre kirurgiske inngrep: Inkluderer fjerning av f\u00f8flekker, kirurgi for inngrodde t\u00e5negler og s\u00e5rbehandling, i tillegg til dermatologiske tjenester.\t            \t<\/div>\r\n                    \t            <\/div>\r\n           <\/div>\r\n                    <div class=\"ct-list-item \" data-wow-delay=\"ms\">\r\n            \t<div class=\"ct-list-icon\"><i class=\"fac fac-check-circle\"><\/i><\/div>\r\n            \t<div class=\"ct-list-meta\">\r\n\t            \t<div class=\"ct-list-desc\">\r\n\t            \t\tKvinnehelse: Dedikert omsorg for kvinners unike helsebehov, inkludert gynekologiske unders\u00f8kelser, svangerskapsomsorg, behandling av overgangsplager og st\u00f8tte for reproduktiv helse.\t            \t<\/div>\r\n                    \t            <\/div>\r\n           <\/div>\r\n                    <div class=\"ct-list-item \" data-wow-delay=\"ms\">\r\n            \t<div class=\"ct-list-icon\"><i class=\"fac fac-check-circle\"><\/i><\/div>\r\n            \t<div class=\"ct-list-meta\">\r\n\t            \t<div class=\"ct-list-desc\">\r\n\t            \t\tEstetisk medisin: Avanserte behandlinger som Botox, hyaluronsyrefillere og hudforyngende terapier.\t            \t<\/div>\r\n                    \t            <\/div>\r\n           <\/div>\r\n                    <div class=\"ct-list-item \" data-wow-delay=\"ms\">\r\n            \t<div class=\"ct-list-icon\"><i class=\"fac fac-check-circle\"><\/i><\/div>\r\n            \t<div class=\"ct-list-meta\">\r\n\t            \t<div class=\"ct-list-desc\">\r\n\t            \t\tRegenerativ medisin: Avanserte diagnostiske tester og behandlinger med fokus p\u00e5 analyse av hormoner, immunsystemet, vitaminer, mineraler, DNA og telomerer. Vi tilbyr ogs\u00e5 dyptg\u00e5ende vurderinger av allergier, sensitivitet og epigenetisk veiledning for \u00e5 fremme langvarig velv\u00e6re og vitalitet.\n\n\n\t            \t<\/div>\r\n                    \t            <\/div>\r\n           <\/div>\r\n            <\/div>\r\n\t\t\t\t<\/div>\n\t\t\t\t<\/div>\n\t\t\t\t<div class=\"elementor-element elementor-element-4f71a2e elementor-widget elementor-widget-ct_tabs\" data-id=\"4f71a2e\" data-element_type=\"widget\" data-widget_type=\"ct_tabs.default\">\n\t\t\t\t<div class=\"elementor-widget-container\">\n\t\t\t\t\t            <div class=\"ct-tabs ct-tabs--layout1 type-horizontal style1\">\n                <div class=\"ct-tabs-title\">\n                                            <span class=\"ct-tab-title active\" data-target=\"#ct_tabs-4f71a2e-9b25c0b\">\n                                                                                    SPESIALISTER        \n                        <\/span>\n                                            <span class=\"ct-tab-title \" data-target=\"#ct_tabs-4f71a2e-4f1a9d6\">\n                                                                                    Norsktalende        \n                        <\/span>\n                                            <span class=\"ct-tab-title \" data-target=\"#ct_tabs-4f71a2e-d7551e8\">\n                                                                                    fast pris        \n                        <\/span>\n                                    <\/div>\n\n                <div class=\"ct-tabs-content\">\n                                            <div class=\"ct-tab-content \" id=\"ct_tabs-4f71a2e-9b25c0b\" style=\"display:block;\"><p>V\u00e5rt medisinske team best\u00e5r av erfarne spesialister innen allmennmedisin, idrettsmedisin, tropemedisin og reisemedisin, indremedisin og nevrologi. Gjennom v\u00e5rt samarbeid med Sandefjord Helsepark har vi direkte tilgang til det norske helsenettet, som gj\u00f8r det mulig for oss \u00e5 kommunisere b\u00e5de med din norske fastlege og NAV.<\/p><\/div>\n                                            <div class=\"ct-tab-content \" id=\"ct_tabs-4f71a2e-4f1a9d6\"><p>V\u00e5rt personale snakker flytende norsk, og mange behersker spr\u00e5k som engelsk, spansk, dansk, svensk, fransk, tysk og flere andre. N\u00e5r du kontakter oss, gi beskjed om hvilket spr\u00e5k du foretrekker, slik at vi kan hjelpe deg best mulig.<\/p><\/div>\n                                            <div class=\"ct-tab-content \" id=\"ct_tabs-4f71a2e-d7551e8\"><p>Ingen liker overraskelser n\u00e5r det gjelder kostnader! Derfor tilbyr vi en enhetspris per bes\u00f8k: du betaler kun 75 \u20ac for en konsultasjon.<\/p><p>Hvis vi ser at det er behov for ytterligere tester eller en mer komplisert prosedyre, vil vi informere deg f\u00f8r vi g\u00e5r videre. P\u00e5 den m\u00e5ten kan du alltid v\u00e6re trygg p\u00e5 at du ikke betaler for mye.<\/p><\/div>\n                                    <\/div>\n            <\/div>\n            \t\t\t\t<\/div>\n\t\t\t\t<\/div>\n\t\t            <\/div>\n        <\/div>\n                <div class=\"elementor-column elementor-col-33 elementor-top-column elementor-element elementor-element-a9f2515\" data-id=\"a9f2515\" data-element_type=\"column\">\n        <div class=\"elementor-widget-wrap elementor-element-populated\">\n                    \n        \t\t<div class=\"elementor-element elementor-element-26c7898 elementor-widget elementor-widget-ct_navigation_menu\" data-id=\"26c7898\" data-element_type=\"widget\" data-widget_type=\"ct_navigation_menu.default\">\n\t\t\t\t<div class=\"elementor-widget-container\">\n\t\t\t\t\t    <div id=\"ct_navigation_menu-26c7898\" class=\"ct-navigation-menu1 default\">\r\n        <div class=\"menu-menu-denia-no-container\"><ul id=\"menu-menu-denia-no\" class=\"menu\"><li id=\"menu-item-7451\" class=\"menu-item menu-item-type-post_type menu-item-object-page menu-item-7451\"><a href=\"https:\/\/scandinavian-international-clinics.es\/no\/norsk-medisinsk-klinikk-i-denia\/\">Medisinsk klinikk i Albir<\/a><\/li>\n<\/ul><\/div>    <\/div>\r\n\t\t\t\t<\/div>\n\t\t\t\t<\/div>\n\t\t\t\t<div class=\"elementor-element elementor-element-85c92e1 elementor-widget elementor-widget-spacer\" data-id=\"85c92e1\" data-element_type=\"widget\" data-widget_type=\"spacer.default\">\n\t\t\t\t\t\t\t<div class=\"elementor-spacer\">\n\t\t\t<div class=\"elementor-spacer-inner\"><\/div>\n\t\t<\/div>\n\t\t\t\t\t\t<\/div>\n\t\t\t\t<div class=\"elementor-element elementor-element-35d0272 elementor-widget elementor-widget-ct_heading\" data-id=\"35d0272\" data-element_type=\"widget\" data-widget_type=\"ct_heading.default\">\n\t\t\t\t<div class=\"elementor-widget-container\">\n\t\t\t\t\t<div id=\"ct_heading-35d0272\" class=\"ct-heading h-align- sub-style1 ct-heading-left item-st-default\">\r\n\t<div class=\"ct-item--inner\">\r\n        <div class=\"ct-inline-css\"  data-css=\"\r\n            \">\r\n        <\/div>\r\n                <h3 class=\"item--title st-default case-animate-time\" data-wow-delay=\"ms\">\r\n                        <span class=\"sp-main\">\r\n                \r\n                Kontakt\r\n                \r\n                            <\/span>\r\n                    <\/h3>\r\n    <\/div>\r\n<\/div>\t\t\t\t<\/div>\n\t\t\t\t<\/div>\n\t\t\t\t<div class=\"elementor-element elementor-element-a63f0b0 elementor-widget elementor-widget-ct_contact_info\" data-id=\"a63f0b0\" data-element_type=\"widget\" data-widget_type=\"ct_contact_info.default\">\n\t\t\t\t<div class=\"elementor-widget-container\">\n\t\t\t\t\t    <ul id=\"ct_contact_info-a63f0b0\" class=\"ct-contact-info ct-contact-info1 style2 \">\r\n        <div class=\"ct-inline-css\"  data-css=\"\r\n            \">\r\n\r\n        <\/div>\r\n                    <li>\r\n            \t\t\t\t        <span class=\"ct-contact-icon\">\r\n\t\t                <i aria-hidden=\"true\" class=\"fas fa-map-marked-alt\"><\/i>\t\t                \t\t\t        <\/span>\r\n\t\t\t                                                        <span class=\"ct-contact-content\">\r\n                       C\/Marqu\u00e9s de Campo 60, 2o<\/br>\npuerta 18<\/br>\n03700 D\u00e9nia                    <\/span>\r\n                           <\/li>\r\n                    <li>\r\n            \t\t\t\t        <span class=\"ct-contact-icon\">\r\n\t\t                <i aria-hidden=\"true\" class=\"material zmdi zmdi-phone\"><\/i>\t\t                \t\t\t        <\/span>\r\n\t\t\t                                                        <a class=\"ct-contact-content ct-contact-link\" href=\"tel: +34 965 502 312\">\r\n                       I \u00e5pningstiden:<br>+34 965 502 312<br>\n(9:00h \u2013 18:00h)<br>                    <\/a>\r\n                           <\/li>\r\n                    <li>\r\n            \t\t\t\t        <span class=\"ct-contact-icon\">\r\n\t\t                <i aria-hidden=\"true\" class=\"material zmdi zmdi-phone\"><\/i>\t\t                \t\t\t        <\/span>\r\n\t\t\t                                                        <span class=\"ct-contact-content\">\r\n                       Hjelp utenfor \u00e5pningstiden:<br>+34 662 337 337<br>\n(18:00h \u2013 9:00h)                    <\/span>\r\n                           <\/li>\r\n                    <li>\r\n            \t\t\t\t        <span class=\"ct-contact-icon\">\r\n\t\t                <i aria-hidden=\"true\" class=\"material zmdi zmdi-email-open\"><\/i>\t\t                \t\t\t        <\/span>\r\n\t\t\t                                                        <span class=\"ct-contact-content\">\r\n                       info@siclinics.es                    <\/span>\r\n                           <\/li>\r\n                    <li>\r\n            \t\t\t\t        <span class=\"ct-contact-icon\">\r\n\t\t                <i aria-hidden=\"true\" class=\"material zmdi zmdi-time\"><\/i>\t\t                \t\t\t        <\/span>\r\n\t\t\t                                                        <span class=\"ct-contact-content\">\r\n                       Man-Fre 9:00h \u2013 18:00h\n<br>\nRing oss for \u00e5 bestille en time                    <\/span>\r\n                           <\/li>\r\n            <\/ul>\r\n\t\t\t\t<\/div>\n\t\t\t\t<\/div>\n\t\t\t\t<div class=\"elementor-element elementor-element-9729b5d elementor-widget elementor-widget-spacer\" data-id=\"9729b5d\" data-element_type=\"widget\" data-widget_type=\"spacer.default\">\n\t\t\t\t\t\t\t<div class=\"elementor-spacer\">\n\t\t\t<div class=\"elementor-spacer-inner\"><\/div>\n\t\t<\/div>\n\t\t\t\t\t\t<\/div>\n\t\t\t\t<div class=\"elementor-element elementor-element-36a515d elementor-widget elementor-widget-ct_heading\" data-id=\"36a515d\" data-element_type=\"widget\" data-widget_type=\"ct_heading.default\">\n\t\t\t\t<div class=\"elementor-widget-container\">\n\t\t\t\t\t<div id=\"ct_heading-36a515d\" class=\"ct-heading h-align- sub-style1 ct-heading-left item-st-default\">\r\n\t<div class=\"ct-item--inner\">\r\n        <div class=\"ct-inline-css\"  data-css=\"\r\n            \">\r\n        <\/div>\r\n                <h3 class=\"item--title st-default case-animate-time\" data-wow-delay=\"ms\">\r\n                        <span class=\"sp-main\">\r\n                \r\n                D\u00e9nia\r\n                \r\n                            <\/span>\r\n                    <\/h3>\r\n    <\/div>\r\n<\/div>\t\t\t\t<\/div>\n\t\t\t\t<\/div>\n\t\t\t\t<div class=\"elementor-element elementor-element-e34c028 elementor-widget elementor-widget-google_maps\" data-id=\"e34c028\" data-element_type=\"widget\" data-widget_type=\"google_maps.default\">\n\t\t\t\t\t\t\t<div class=\"elementor-custom-embed\">\n\t\t\t<iframe loading=\"lazy\"\n\t\t\t\t\tsrc=\"https:\/\/maps.google.com\/maps?q=C%2FMarqu%C3%A9s%20de%20Campo%2060%2C%202o%20puerta%2018%2003700%20D%C3%A9nia&#038;t=m&#038;z=13&#038;output=embed&#038;iwloc=near\"\n\t\t\t\t\ttitle=\"C\/Marqu\u00e9s de Campo 60, 2o puerta 18 03700 D\u00e9nia\"\n\t\t\t\t\taria-label=\"C\/Marqu\u00e9s de Campo 60, 2o puerta 18 03700 D\u00e9nia\"\n\t\t\t><\/iframe>\n\t\t<\/div>\n\t\t\t\t\t\t<\/div>\n\t\t            <\/div>\n        <\/div>\n                    <\/div>\n        <\/section>\n        <div class=\"elementor-element elementor-element-0fcf0d0 e-flex e-con-boxed e-con e-parent\" data-id=\"0fcf0d0\" data-element_type=\"container\">\n\t\t\t\t\t<div class=\"e-con-inner\">\n\t\t\t\t<div class=\"elementor-element elementor-element-adad0d7 elementor-widget elementor-widget-ct_background_animate\" data-id=\"adad0d7\" data-element_type=\"widget\" data-widget_type=\"ct_background_animate.default\">\n\t\t\t\t<div class=\"elementor-widget-container\">\n\t\t\t\t\t\t<div class=\"ct-background-animate\">\r\n        <div class=\"ct-animate-overlay bg-image\" style=\"background-image: url(https:\/\/scandinavian-international-clinics.es\/wp-content\/plugins\/elementor\/assets\/images\/placeholder.png); background-color: ; \"><\/div>\r\n        <div class=\"ct-animate-inner\" style=\"background-image: url(https:\/\/scandinavian-international-clinics.es\/wp-content\/plugins\/elementor\/assets\/images\/placeholder.png);\"><\/div>   \r\n    <\/div>\r\n\t\t\t\t<\/div>\n\t\t\t\t<\/div>\n\t\t\t\t\t<\/div>\n\t\t\t\t<\/div>\n\t\t\t\t<\/div>\n\t\t","protected":false},"excerpt":{"rendered":"<p>Norsktalende lege i D\u00e9nia Trenger du en norsktalende lege i D\u00e9nia? For \u00e5 n\u00e5 en norsk lege i Albir, klikk her. V\u00e5r medisinske klinikk i D\u00e9nia tilbyr helsetjenester av h\u00f8y kvalitet for b\u00e5de fastboende og bes\u00f8kende. V\u00e5re erfarne allmennleger tilbyr omfattende medisinske tjenester, fra diagnostisering og behandling av vanlige sykdommer til h\u00e5ndtering av kroniske tilstander. [&hellip;]<\/p>\n","protected":false},"author":2,"featured_media":0,"parent":4862,"menu_order":0,"comment_status":"closed","ping_status":"closed","template":"","meta":{"footnotes":""},"class_list":["post-7139","page","type-page","status-publish","hentry"],"aioseo_notices":[],"_links":{"self":[{"href":"https:\/\/scandinavian-international-clinics.es\/no\/wp-json\/wp\/v2\/pages\/7139","targetHints":{"allow":["GET"]}}],"collection":[{"href":"https:\/\/scandinavian-international-clinics.es\/no\/wp-json\/wp\/v2\/pages"}],"about":[{"href":"https:\/\/scandinavian-international-clinics.es\/no\/wp-json\/wp\/v2\/types\/page"}],"author":[{"embeddable":true,"href":"https:\/\/scandinavian-international-clinics.es\/no\/wp-json\/wp\/v2\/users\/2"}],"replies":[{"embeddable":true,"href":"https:\/\/scandinavian-international-clinics.es\/no\/wp-json\/wp\/v2\/comments?post=7139"}],"version-history":[{"count":51,"href":"https:\/\/scandinavian-international-clinics.es\/no\/wp-json\/wp\/v2\/pages\/7139\/revisions"}],"predecessor-version":[{"id":9453,"href":"https:\/\/scandinavian-international-clinics.es\/no\/wp-json\/wp\/v2\/pages\/7139\/revisions\/9453"}],"up":[{"embeddable":true,"href":"https:\/\/scandinavian-international-clinics.es\/no\/wp-json\/wp\/v2\/pages\/4862"}],"wp:attachment":[{"href":"https:\/\/scandinavian-international-clinics.es\/no\/wp-json\/wp\/v2\/media?parent=7139"}],"curies":[{"name":"wp","href":"https:\/\/api.w.org\/{rel}","templated":true}]}}