{"id":5554,"date":"2025-01-21T15:31:41","date_gmt":"2025-01-21T15:31:41","guid":{"rendered":"https:\/\/scandinavian-international-clinics.es\/norsk-medisinsk-klinikk-i-albir\/english-medical-certifications-in-albir\/"},"modified":"2025-05-07T16:19:07","modified_gmt":"2025-05-07T16:19:07","slug":"medisinske-attester-i-albir","status":"publish","type":"page","link":"https:\/\/scandinavian-international-clinics.es\/no\/norsk-medisinsk-klinikk-i-albir\/medisinske-attester-i-albir\/","title":{"rendered":"Medisinske attester i Albir"},"content":{"rendered":"\t\t<div data-elementor-type=\"wp-page\" data-elementor-id=\"5554\" class=\"elementor elementor-5554 elementor-5056\">\n\t\t\t\t        <section class=\"elementor-section elementor-top-section elementor-element elementor-element-6245007 elementor-section-boxed elementor-section-height-default elementor-section-height-default ct-header-fixed-none ct-row-max-none\" data-id=\"6245007\" data-element_type=\"section\">\n            \n                        <div class=\"elementor-container elementor-column-gap-extended \">\n                    <div class=\"elementor-column elementor-col-66 elementor-top-column elementor-element elementor-element-b9f81de\" data-id=\"b9f81de\" data-element_type=\"column\">\n        <div class=\"elementor-widget-wrap elementor-element-populated\">\n                    \n        \t\t<div class=\"elementor-element elementor-element-231517f elementor-widget elementor-widget-ct_title\" data-id=\"231517f\" data-element_type=\"widget\" data-widget_type=\"ct_title.default\">\n\t\t\t\t<div class=\"elementor-widget-container\">\n\t\t\t\t\t<div class=\"ct-title1 style2\">\r\n    <h3>\r\n    \t\t        <span>Medisinske attester i Albir<\/span>\r\n\t        <i><\/i>\r\n\t        <\/h3>\r\n<\/div>\t\t\t\t<\/div>\n\t\t\t\t<\/div>\n\t\t\t\t<div class=\"elementor-element elementor-element-5080739 elementor-widget elementor-widget-text-editor\" data-id=\"5080739\" data-element_type=\"widget\" data-widget_type=\"text-editor.default\">\n\t\t\t\t\t\t\t\t\t<p><a href=\"https:\/\/scandinavian-international-clinics.es\/no\/norsk-medisinsk-klinikk-i-denia\/medisinske-sertifiseringer-i-denia\/\">Hvis du trenger en medisinsk attest i D\u00e9nia, klikk her.<\/a><\/p><p>I v\u00e5r klinikk i Albir tilbyr vi sertifiserte medisinske attester for fagfolk innen luftfart, maritim sektor, offshoreindustri og for f\u00f8rerkort. V\u00e5re tjenester er effektive og utf\u00f8res av sertifiserte leger, godkjente i henhold til internasjonale standarder. I tillegg til medisinske unders\u00f8kelser tilbyr vi vaksinasjoner, reisemedisin og r\u00e5dgivningstjenester for \u00e5 sikre at du er fullt forberedt p\u00e5 krevende arbeidsmilj\u00f8er. V\u00e5re vurderinger oppfyller b\u00e5de nasjonale og internasjonale krav for \u00e5 sikre at du tilfredsstiller alle n\u00f8dvendige medisinske kriterier.<\/p>\t\t\t\t\t\t\t\t<\/div>\n\t\t\t\t<div class=\"elementor-element elementor-element-8fb5d8b elementor-widget elementor-widget-text-editor\" data-id=\"8fb5d8b\" data-element_type=\"widget\" data-widget_type=\"text-editor.default\">\n\t\t\t\t\t\t\t\t\t<h5>Ring oss for \u00e5 bestille time: <a href=\"tel: +34 965 502 312\">+34 965 50 23 12<\/a><\/h5>\t\t\t\t\t\t\t\t<\/div>\n\t\t\t\t<div class=\"elementor-element elementor-element-35d7f5e elementor-widget elementor-widget-ct_gallery_carousel\" data-id=\"35d7f5e\" data-element_type=\"widget\" data-widget_type=\"ct_gallery_carousel.default\">\n\t\t\t\t<div class=\"elementor-widget-container\">\n\t\t\t\t\t    <div class=\"ct-gallery-carousel1 ct-slick-slider\">\r\n        <div class=\"ct-carousel-inner\">\r\n            <div class=\"ct-slick-carousel\" data-arrows=\"\" data-dots=\"true\" data-pauseOnHover=\"\" data-autoplay=\"true\" data-autoplaySpeed=\"5000\" data-infinite=\"\" data-speed=\"500\" data-colxs=\"1\" data-colsm=\"2\" data-colmd=\"2\" data-collg=\"2\" data-colxl=\"2\" data-dir=\"false\" data-slidesToScroll=\"2\">\r\n                                    <div class=\"slick-slide\">\r\n                        <img fetchpriority=\"high\" decoding=\"async\" class=\"\" src=\"https:\/\/scandinavian-international-clinics.es\/wp-content\/uploads\/2025\/01\/Medisinske-sertifikater-offshorearbeidere-Albir-475x600.jpg\" width=\"475\" height=\"600\" alt=\"Medisinske sertifikater offshorearbeidere Albir\" title=\"Medisinske sertifikater offshorearbeidere Albir\" \/>                    <\/div>\r\n                                    <div class=\"slick-slide\">\r\n                        <img decoding=\"async\" class=\"\" src=\"https:\/\/scandinavian-international-clinics.es\/wp-content\/uploads\/2025\/01\/Medisinskesertifikater-luftfart-Albir-475x600.jpg\" width=\"475\" height=\"600\" alt=\"Medisinskesertifikater luftfart Albir\" title=\"Medisinskesertifikater luftfart Albir\" \/>                    <\/div>\r\n                                    <div class=\"slick-slide\">\r\n                        <img decoding=\"async\" class=\"\" src=\"https:\/\/scandinavian-international-clinics.es\/wp-content\/uploads\/2025\/01\/Helseattester-for-forerkort-Albir-475x600.jpg\" width=\"475\" height=\"600\" alt=\"Helseattester for f\u00f8rerkort Albir\" title=\"Helseattester for f\u00f8rerkort Albir\" \/>                    <\/div>\r\n                                    <div class=\"slick-slide\">\r\n                        <img loading=\"lazy\" decoding=\"async\" class=\"\" src=\"https:\/\/scandinavian-international-clinics.es\/wp-content\/uploads\/2025\/01\/Medisinske-sertifikater-sjofolk-Albir-475x600.jpg\" width=\"475\" height=\"600\" alt=\"Medisinske sertifikater sj\u00f8folk Albir\" title=\"Medisinske sertifikater sj\u00f8folk Albir\" \/>                    <\/div>\r\n                            <\/div>\r\n        <\/div>\r\n    <\/div>\r\n\t\t\t\t<\/div>\n\t\t\t\t<\/div>\n\t\t\t\t<div class=\"elementor-element elementor-element-42b5ee6 elementor-widget elementor-widget-text-editor\" data-id=\"42b5ee6\" data-element_type=\"widget\" data-widget_type=\"text-editor.default\">\n\t\t\t\t\t\t\t\t\t<h5>Tjenester og unders\u00f8kelser:<\/h5>\t\t\t\t\t\t\t\t<\/div>\n\t\t\t\t<div class=\"elementor-element elementor-element-8705912 elementor-widget elementor-widget-ct_list\" data-id=\"8705912\" data-element_type=\"widget\" data-widget_type=\"ct_list.default\">\n\t\t\t\t<div class=\"elementor-widget-container\">\n\t\t\t\t\t    <div class=\"ct-list style1 \">\r\n                    <div class=\"ct-list-item \" data-wow-delay=\"ms\">\r\n            \t<div class=\"ct-list-icon\"><i class=\"fac fac-check-circle\"><\/i><\/div>\r\n            \t<div class=\"ct-list-meta\">\r\n\t            \t<div class=\"ct-list-desc\">\r\n\t            \t\tMedisinske unders\u00f8kelser for luftfart: V\u00e5r sertifiserte flymedisinske lege (AME) utf\u00f8rer medisinske unders\u00f8kelser for Klasse 1, Klasse 2 og Klasse 3, samt vurderinger for kabinpersonell. Vi sikrer samsvar med b\u00e5de EASA- og FAA-standarder og tilbyr grundige og profesjonelle evalueringer for piloter og flybesetning.\t            \t<\/div>\r\n                    \t            <\/div>\r\n           <\/div>\r\n                    <div class=\"ct-list-item \" data-wow-delay=\"ms\">\r\n            \t<div class=\"ct-list-icon\"><i class=\"fac fac-check-circle\"><\/i><\/div>\r\n            \t<div class=\"ct-list-meta\">\r\n\t            \t<div class=\"ct-list-desc\">\r\n\t            \t\tMedisinske sertifikater for sj\u00f8folk: Unders\u00f8kelser utf\u00f8rt i samsvar med norske medisinske standarder for sj\u00f8folk som jobber p\u00e5 NOR-\/NIS-registrerte fart\u00f8y. V\u00e5r sj\u00f8mannslege er godkjent av Sj\u00f8fartsdirektoratet.\t            \t<\/div>\r\n                    \t            <\/div>\r\n           <\/div>\r\n                    <div class=\"ct-list-item \" data-wow-delay=\"ms\">\r\n            \t<div class=\"ct-list-icon\"><i class=\"fac fac-check-circle\"><\/i><\/div>\r\n            \t<div class=\"ct-list-meta\">\r\n\t            \t<div class=\"ct-list-desc\">\r\n\t            \t\t Medisinske sertifikater for offshorearbeidere: V\u00e5re autoriserte petroleumsleger utf\u00f8rer helseunders\u00f8kelser og utsteder sertifikater i henhold til reglene fra Helsedirektoratet.\t            \t<\/div>\r\n                    \t            <\/div>\r\n           <\/div>\r\n                    <div class=\"ct-list-item \" data-wow-delay=\"ms\">\r\n            \t<div class=\"ct-list-icon\"><i class=\"fac fac-check-circle\"><\/i><\/div>\r\n            \t<div class=\"ct-list-meta\">\r\n\t            \t<div class=\"ct-list-desc\">\r\n\t            \t\tHelseattester for f\u00f8rerkort: Helseunders\u00f8kelser for fornyelse eller s\u00f8knad om norske og spanske f\u00f8rerkort, inkludert avanserte unders\u00f8kelser for yrkessj\u00e5f\u00f8rer.\t            \t<\/div>\r\n                    \t            <\/div>\r\n           <\/div>\r\n                    <div class=\"ct-list-item \" data-wow-delay=\"ms\">\r\n            \t<div class=\"ct-list-icon\"><i class=\"fac fac-check-circle\"><\/i><\/div>\r\n            \t<div class=\"ct-list-meta\">\r\n\t            \t<div class=\"ct-list-desc\">\r\n\t            \t\tVaksinasjoner og reisemedisin: Skreddersydd r\u00e5dgivning og vaksinasjoner for \u00e5 beskytte mot sykdommer under reise.\t            \t<\/div>\r\n                    \t            <\/div>\r\n           <\/div>\r\n            <\/div>\r\n\t\t\t\t<\/div>\n\t\t\t\t<\/div>\n\t\t\t\t<div class=\"elementor-element elementor-element-20fc052 elementor-widget elementor-widget-ct_tabs\" data-id=\"20fc052\" data-element_type=\"widget\" data-widget_type=\"ct_tabs.default\">\n\t\t\t\t<div class=\"elementor-widget-container\">\n\t\t\t\t\t            <div class=\"ct-tabs ct-tabs--layout1 type-horizontal style1\">\n                <div class=\"ct-tabs-title\">\n                                            <span class=\"ct-tab-title active\" data-target=\"#ct_tabs-20fc052-9b25c0b\">\n                                                                                    SERTIFISERTE LEGER        \n                        <\/span>\n                                            <span class=\"ct-tab-title \" data-target=\"#ct_tabs-20fc052-4f1a9d6\">\n                                                                                    Norsktalende        \n                        <\/span>\n                                            <span class=\"ct-tab-title \" data-target=\"#ct_tabs-20fc052-d7551e8\">\n                                                                                    FAST PRIS        \n                        <\/span>\n                                    <\/div>\n\n                <div class=\"ct-tabs-content\">\n                                            <div class=\"ct-tab-content \" id=\"ct_tabs-20fc052-9b25c0b\" style=\"display:block;\"><p>Vi har leger som er sertifisert av norske myndigheter til \u00e5 utstede medisinske sertifikater for offshorearbeidere, sj\u00f8folk og piloter.<\/p><\/div>\n                                            <div class=\"ct-tab-content \" id=\"ct_tabs-20fc052-4f1a9d6\"><p>V\u00e5rt personale snakker flytende norsk, og mange behersker ogs\u00e5 andre spr\u00e5k, som engelsk, dansk og svensk, finsk, tysk og fransk. N\u00e5r du kontakter oss, vennligst oppgi hvilket spr\u00e5k du foretrekker, slik at vi kan hjelpe deg bedre.<\/p><\/div>\n                                            <div class=\"ct-tab-content \" id=\"ct_tabs-20fc052-d7551e8\"><p>Ingen liker overraskelser n\u00e5r det gjelder kostnader! Derfor tilbyr vi en enhetspris per sertifisering \u2013 ta gjerne kontakt med oss for detaljer.<\/p><p>Hvis vi ser at det er behov for ytterligere tester eller en mer komplisert prosedyre, vil vi informere deg f\u00f8r vi g\u00e5r videre. P\u00e5 den m\u00e5ten kan du alltid f\u00f8le deg trygg p\u00e5 at du ikke betaler for mye.<\/p><\/div>\n                                    <\/div>\n            <\/div>\n            \t\t\t\t<\/div>\n\t\t\t\t<\/div>\n\t\t            <\/div>\n        <\/div>\n                <div class=\"elementor-column elementor-col-33 elementor-top-column elementor-element elementor-element-2c2bbc7\" data-id=\"2c2bbc7\" data-element_type=\"column\">\n        <div class=\"elementor-widget-wrap elementor-element-populated\">\n                    \n        \t\t<div class=\"elementor-element elementor-element-d166bbb elementor-widget elementor-widget-ct_navigation_menu\" data-id=\"d166bbb\" data-element_type=\"widget\" data-widget_type=\"ct_navigation_menu.default\">\n\t\t\t\t<div class=\"elementor-widget-container\">\n\t\t\t\t\t    <div id=\"ct_navigation_menu-d166bbb\" class=\"ct-navigation-menu1 default\">\r\n        <div class=\"menu-menu-albir-no-container\"><ul id=\"menu-menu-albir-no\" class=\"menu\"><li id=\"menu-item-7450\" class=\"menu-item menu-item-type-post_type menu-item-object-page menu-item-7450\"><a href=\"https:\/\/scandinavian-international-clinics.es\/no\/norsk-medisinsk-klinikk-i-albir\/norsk-lege-i-albir\/\">Norsk lege i Albir<\/a><\/li>\n<li id=\"menu-item-7449\" class=\"menu-item menu-item-type-post_type menu-item-object-page menu-item-7449\"><a href=\"https:\/\/scandinavian-international-clinics.es\/no\/norsk-medisinsk-klinikk-i-albir\/norsk-fysioterapeut-i-albir\/\">Fysioterapeut i Albir<\/a><\/li>\n<li id=\"menu-item-7457\" class=\"menu-item menu-item-type-post_type menu-item-object-page menu-item-7457\"><a href=\"https:\/\/scandinavian-international-clinics.es\/no\/norsk-medisinsk-klinikk-i-albir\/tannlege-i-albir\/\">Tannlege i Albir<\/a><\/li>\n<li id=\"menu-item-7448\" class=\"menu-item menu-item-type-post_type menu-item-object-page menu-item-7448\"><a href=\"https:\/\/scandinavian-international-clinics.es\/no\/norsk-medisinsk-klinikk-i-albir\/medisinske-attester-i-albir\/\">Attester i Albir<\/a><\/li>\n<\/ul><\/div>    <\/div>\r\n\t\t\t\t<\/div>\n\t\t\t\t<\/div>\n\t\t\t\t<div class=\"elementor-element elementor-element-c8953a6 elementor-widget elementor-widget-spacer\" data-id=\"c8953a6\" data-element_type=\"widget\" data-widget_type=\"spacer.default\">\n\t\t\t\t\t\t\t<div class=\"elementor-spacer\">\n\t\t\t<div class=\"elementor-spacer-inner\"><\/div>\n\t\t<\/div>\n\t\t\t\t\t\t<\/div>\n\t\t\t\t<div class=\"elementor-element elementor-element-8a17eb2 elementor-widget elementor-widget-ct_heading\" data-id=\"8a17eb2\" data-element_type=\"widget\" data-widget_type=\"ct_heading.default\">\n\t\t\t\t<div class=\"elementor-widget-container\">\n\t\t\t\t\t<div id=\"ct_heading-8a17eb2\" class=\"ct-heading h-align- sub-style1 ct-heading-left item-st-default\">\r\n\t<div class=\"ct-item--inner\">\r\n        <div class=\"ct-inline-css\"  data-css=\"\r\n            \">\r\n        <\/div>\r\n                <h3 class=\"item--title st-default case-animate-time\" data-wow-delay=\"ms\">\r\n                        <span class=\"sp-main\">\r\n                \r\n                Kontakt\r\n                \r\n                            <\/span>\r\n                    <\/h3>\r\n    <\/div>\r\n<\/div>\t\t\t\t<\/div>\n\t\t\t\t<\/div>\n\t\t\t\t<div class=\"elementor-element elementor-element-91ef23a elementor-widget elementor-widget-ct_contact_info\" data-id=\"91ef23a\" data-element_type=\"widget\" data-widget_type=\"ct_contact_info.default\">\n\t\t\t\t<div class=\"elementor-widget-container\">\n\t\t\t\t\t    <ul id=\"ct_contact_info-91ef23a\" class=\"ct-contact-info ct-contact-info1 style2 \">\r\n        <div class=\"ct-inline-css\"  data-css=\"\r\n            \">\r\n\r\n        <\/div>\r\n                    <li>\r\n            \t\t\t\t        <span class=\"ct-contact-icon\">\r\n\t\t                <i aria-hidden=\"true\" class=\"fas fa-map-marked-alt\"><\/i>\t\t                \t\t\t        <\/span>\r\n\t\t\t                                                        <span class=\"ct-contact-content\">\r\n                       C\/Vivaldi 7<\/br>\n03581<\/br>\nAlfaz del Pi \/ El Albir                    <\/span>\r\n                           <\/li>\r\n                    <li>\r\n            \t\t\t\t        <span class=\"ct-contact-icon\">\r\n\t\t                <i aria-hidden=\"true\" class=\"material zmdi zmdi-phone\"><\/i>\t\t                \t\t\t        <\/span>\r\n\t\t\t                                                        <a class=\"ct-contact-content ct-contact-link\" href=\"tel: +34 965 502 312\">\r\n                       +34 965 502 312<br>\n\n(Man-Fre 9:00-18:00)                    <\/a>\r\n                           <\/li>\r\n                    <li>\r\n            \t\t\t\t        <span class=\"ct-contact-icon\">\r\n\t\t                <i aria-hidden=\"true\" class=\"material zmdi zmdi-email-open\"><\/i>\t\t                \t\t\t        <\/span>\r\n\t\t\t                                                        <span class=\"ct-contact-content\">\r\n                       info@siclinics.es                    <\/span>\r\n                           <\/li>\r\n            <\/ul>\r\n\t\t\t\t<\/div>\n\t\t\t\t<\/div>\n\t\t\t\t<div class=\"elementor-element elementor-element-768242d elementor-widget elementor-widget-spacer\" data-id=\"768242d\" data-element_type=\"widget\" data-widget_type=\"spacer.default\">\n\t\t\t\t\t\t\t<div class=\"elementor-spacer\">\n\t\t\t<div class=\"elementor-spacer-inner\"><\/div>\n\t\t<\/div>\n\t\t\t\t\t\t<\/div>\n\t\t\t\t<div class=\"elementor-element elementor-element-44fb3b4 elementor-widget elementor-widget-ct_heading\" data-id=\"44fb3b4\" data-element_type=\"widget\" data-widget_type=\"ct_heading.default\">\n\t\t\t\t<div class=\"elementor-widget-container\">\n\t\t\t\t\t<div id=\"ct_heading-44fb3b4\" class=\"ct-heading h-align- sub-style1 ct-heading-left item-st-default\">\r\n\t<div class=\"ct-item--inner\">\r\n        <div class=\"ct-inline-css\"  data-css=\"\r\n            \">\r\n        <\/div>\r\n                <h3 class=\"item--title st-default case-animate-time\" data-wow-delay=\"ms\">\r\n                        <span class=\"sp-main\">\r\n                \r\n                Alfaz del Pi \/ El Albir\r\n                \r\n                            <\/span>\r\n                    <\/h3>\r\n    <\/div>\r\n<\/div>\t\t\t\t<\/div>\n\t\t\t\t<\/div>\n\t\t\t\t<div class=\"elementor-element elementor-element-dd3305d elementor-widget elementor-widget-google_maps\" data-id=\"dd3305d\" data-element_type=\"widget\" data-widget_type=\"google_maps.default\">\n\t\t\t\t\t\t\t<div class=\"elementor-custom-embed\">\n\t\t\t<iframe loading=\"lazy\"\n\t\t\t\t\tsrc=\"https:\/\/maps.google.com\/maps?q=Carrer%20Vivaldi%2C%207%2C%2003581%20l%27Alf%C3%A0s%20del%20Pi%2C%20Alacant%2C%20Spain&#038;t=m&#038;z=13&#038;output=embed&#038;iwloc=near\"\n\t\t\t\t\ttitle=\"Carrer Vivaldi, 7, 03581 l&#039;Alf\u00e0s del Pi, Alacant, Spain\"\n\t\t\t\t\taria-label=\"Carrer Vivaldi, 7, 03581 l&#039;Alf\u00e0s del Pi, Alacant, Spain\"\n\t\t\t><\/iframe>\n\t\t<\/div>\n\t\t\t\t\t\t<\/div>\n\t\t            <\/div>\n        <\/div>\n                    <\/div>\n        <\/section>\n        \t\t<\/div>\n\t\t","protected":false},"excerpt":{"rendered":"<p>Medisinske attester i Albir Hvis du trenger en medisinsk attest i D\u00e9nia, klikk her. I v\u00e5r klinikk i Albir tilbyr vi sertifiserte medisinske attester for fagfolk innen luftfart, maritim sektor, offshoreindustri og for f\u00f8rerkort. V\u00e5re tjenester er effektive og utf\u00f8res av sertifiserte leger, godkjente i henhold til internasjonale standarder. I tillegg til medisinske unders\u00f8kelser tilbyr [&hellip;]<\/p>\n","protected":false},"author":1,"featured_media":0,"parent":4865,"menu_order":0,"comment_status":"closed","ping_status":"closed","template":"","meta":{"footnotes":""},"class_list":["post-5554","page","type-page","status-publish","hentry"],"aioseo_notices":[],"_links":{"self":[{"href":"https:\/\/scandinavian-international-clinics.es\/no\/wp-json\/wp\/v2\/pages\/5554","targetHints":{"allow":["GET"]}}],"collection":[{"href":"https:\/\/scandinavian-international-clinics.es\/no\/wp-json\/wp\/v2\/pages"}],"about":[{"href":"https:\/\/scandinavian-international-clinics.es\/no\/wp-json\/wp\/v2\/types\/page"}],"author":[{"embeddable":true,"href":"https:\/\/scandinavian-international-clinics.es\/no\/wp-json\/wp\/v2\/users\/1"}],"replies":[{"embeddable":true,"href":"https:\/\/scandinavian-international-clinics.es\/no\/wp-json\/wp\/v2\/comments?post=5554"}],"version-history":[{"count":101,"href":"https:\/\/scandinavian-international-clinics.es\/no\/wp-json\/wp\/v2\/pages\/5554\/revisions"}],"predecessor-version":[{"id":8982,"href":"https:\/\/scandinavian-international-clinics.es\/no\/wp-json\/wp\/v2\/pages\/5554\/revisions\/8982"}],"up":[{"embeddable":true,"href":"https:\/\/scandinavian-international-clinics.es\/no\/wp-json\/wp\/v2\/pages\/4865"}],"wp:attachment":[{"href":"https:\/\/scandinavian-international-clinics.es\/no\/wp-json\/wp\/v2\/media?parent=5554"}],"curies":[{"name":"wp","href":"https:\/\/api.w.org\/{rel}","templated":true}]}}