{"id":4879,"date":"2025-01-19T09:57:09","date_gmt":"2025-01-19T09:57:09","guid":{"rendered":"https:\/\/scandinavian-international-clinics.es\/?page_id=4879"},"modified":"2025-05-07T16:17:43","modified_gmt":"2025-05-07T16:17:43","slug":"tannlege-i-albir","status":"publish","type":"page","link":"https:\/\/scandinavian-international-clinics.es\/no\/norsk-medisinsk-klinikk-i-albir\/tannlege-i-albir\/","title":{"rendered":"Engelsktalende tannlege i Albir"},"content":{"rendered":"\t\t<div data-elementor-type=\"wp-page\" data-elementor-id=\"4879\" class=\"elementor elementor-4879 elementor-4877\">\n\t\t\t\t        <section class=\"elementor-section elementor-top-section elementor-element elementor-element-4c05b55 elementor-section-boxed elementor-section-height-default elementor-section-height-default ct-header-fixed-none ct-row-max-none\" data-id=\"4c05b55\" data-element_type=\"section\">\n            \n                        <div class=\"elementor-container elementor-column-gap-extended \">\n                    <div class=\"elementor-column elementor-col-66 elementor-top-column elementor-element elementor-element-a094c5f\" data-id=\"a094c5f\" data-element_type=\"column\">\n        <div class=\"elementor-widget-wrap elementor-element-populated\">\n                    \n        \t\t<div class=\"elementor-element elementor-element-f984a62 elementor-widget elementor-widget-ct_title\" data-id=\"f984a62\" data-element_type=\"widget\" data-widget_type=\"ct_title.default\">\n\t\t\t\t<div class=\"elementor-widget-container\">\n\t\t\t\t\t<div class=\"ct-title1 style2\">\r\n    <h3>\r\n    \t\t        <span>Engelsktalende tannlege i Albir<\/span>\r\n\t        <i><\/i>\r\n\t        <\/h3>\r\n<\/div>\t\t\t\t<\/div>\n\t\t\t\t<\/div>\n\t\t\t\t<div class=\"elementor-element elementor-element-f620575 elementor-widget elementor-widget-text-editor\" data-id=\"f620575\" data-element_type=\"widget\" data-widget_type=\"text-editor.default\">\n\t\t\t\t\t\t\t\t\t<p>Hos Scandinavian International Clinics tilbyr vi f\u00f8rsteklasses tannpleie i Albir. V\u00e5rt erfarne team bruker den nyeste teknologien for \u00e5 levere behandlinger av h\u00f8y kvalitet som ivaretar din munnhelse og forbedrer ditt smil. V\u00e5re moderne fasiliteter gir et trygt og komfortabelt milj\u00f8 for b\u00e5de grunnleggende tannpleie og avanserte behandlinger, inkludert tannimplantater og digital tannbehandling. Vi streber etter \u00e5 kombinere vitenskapelig presisjon med empati og omsorg i hver behandling.<\/p>\t\t\t\t\t\t\t\t<\/div>\n\t\t\t\t<div class=\"elementor-element elementor-element-40824d3 elementor-widget elementor-widget-text-editor\" data-id=\"40824d3\" data-element_type=\"widget\" data-widget_type=\"text-editor.default\">\n\t\t\t\t\t\t\t\t\t<h5>Ring oss for \u00e5 bestille time: <a href=\"tel: +34 965 502 312\">+34 965 50 23 12<\/a><\/h5>\t\t\t\t\t\t\t\t<\/div>\n\t\t\t\t<div class=\"elementor-element elementor-element-c8e0a80 elementor-widget elementor-widget-ct_team_grid\" data-id=\"c8e0a80\" data-element_type=\"widget\" data-widget_type=\"ct_team_grid.default\">\n\t\t\t\t<div class=\"elementor-widget-container\">\n\t\t\t\t\t    <div class=\"ct-grid ct-team-grid ct-team-grid3\">\r\n        <div class=\"ct-grid-inner ct-grid-masonry row animate-time\" data-gutter=\"15\">\r\n                            <div class=\"grid-item col-xl-6 col-lg-6 col-md-6 col-sm-6 col-12\">\r\n                    <div class=\"item--inner wow fadeInUp\">\r\n                                                    <div class=\"item--image\">\r\n                                <div class=\"item--desc\"><\/div>\r\n                                <img fetchpriority=\"high\" decoding=\"async\" class=\"disable-lazy \" src=\"https:\/\/scandinavian-international-clinics.es\/wp-content\/uploads\/2025\/01\/Dr.-Sebastian-Ortolani-Seltenerich-dentist-in-Albir-360x360.jpeg\" width=\"360\" height=\"360\" alt=\"Dr. Sebasti\u00e1n Ortolani Seltenerich, dentist in Albir\" title=\"Dr. Sebasti\u00e1n Ortolani Seltenerich, dentist in Albir\" \/>                                <a ><\/a>\r\n                            <\/div>\r\n                                                <h3 class=\"item--title\">    \r\n                            Dr. Sebasti\u00e1n<br>Ortolani Seltenerich                        <\/h3>\r\n                        <div class=\"item--holder\">\r\n                            <div class=\"item--social\">\r\n                                                                        <a href=\"#\" target=\"_blank\"><i class=\"\"><\/i><\/a>\r\n                                                                            <a href=\"#\" target=\"_blank\"><i class=\"\"><\/i><\/a>\r\n                                                                            <a href=\"#\" target=\"_blank\"><i class=\"\"><\/i><\/a>\r\n                                                                            <a href=\"#\" target=\"_blank\"><i class=\"\"><\/i><\/a>\r\n                                                                <\/div>\r\n                            <div class=\"item--position\">Tannleger<\/div>\r\n                        <\/div>\r\n                   <\/div>\r\n                <\/div>\r\n                            <div class=\"grid-item col-xl-6 col-lg-6 col-md-6 col-sm-6 col-12\">\r\n                    <div class=\"item--inner wow fadeInUp\">\r\n                                                    <div class=\"item--image\">\r\n                                <div class=\"item--desc\"><\/div>\r\n                                <img decoding=\"async\" class=\"disable-lazy \" src=\"https:\/\/scandinavian-international-clinics.es\/wp-content\/uploads\/2025\/01\/Dr.-Luciano-Ortolani-Seltenerich-dentist-in-Albir-360x360.jpeg\" width=\"360\" height=\"360\" alt=\"Dr. Luciano Ortolani Seltenerich, dentist in Albir\" title=\"Dr. Luciano Ortolani Seltenerich, dentist in Albir\" \/>                                <a ><\/a>\r\n                            <\/div>\r\n                                                <h3 class=\"item--title\">    \r\n                            Dr. Luciano<br>Ortolani Seltenerich                        <\/h3>\r\n                        <div class=\"item--holder\">\r\n                            <div class=\"item--social\">\r\n                                                                        <a href=\"#\" target=\"_blank\"><i class=\"\"><\/i><\/a>\r\n                                                                            <a href=\"#\" target=\"_blank\"><i class=\"\"><\/i><\/a>\r\n                                                                            <a href=\"#\" target=\"_blank\"><i class=\"\"><\/i><\/a>\r\n                                                                            <a href=\"\" target=\"_blank\"><i class=\"\"><\/i><\/a>\r\n                                                                <\/div>\r\n                            <div class=\"item--position\">Tannleger<\/div>\r\n                        <\/div>\r\n                   <\/div>\r\n                <\/div>\r\n                        <div class=\"grid-sizer col-xl-6 col-lg-6 col-md-6 col-sm-6 col-12\"><\/div>\r\n        <\/div>\r\n    <\/div>\r\n\t\t\t\t<\/div>\n\t\t\t\t<\/div>\n\t\t\t\t<div class=\"elementor-element elementor-element-2f50624 elementor-widget elementor-widget-text-editor\" data-id=\"2f50624\" data-element_type=\"widget\" data-widget_type=\"text-editor.default\">\n\t\t\t\t\t\t\t\t\t<h5>Services and Treatments:<\/h5>\t\t\t\t\t\t\t\t<\/div>\n\t\t\t\t<div class=\"elementor-element elementor-element-d5ca321 elementor-widget elementor-widget-ct_list\" data-id=\"d5ca321\" data-element_type=\"widget\" data-widget_type=\"ct_list.default\">\n\t\t\t\t<div class=\"elementor-widget-container\">\n\t\t\t\t\t    <div class=\"ct-list style1 \">\r\n                    <div class=\"ct-list-item \" data-wow-delay=\"ms\">\r\n            \t<div class=\"ct-list-icon\"><i class=\"fac fac-check-circle\"><\/i><\/div>\r\n            \t<div class=\"ct-list-meta\">\r\n\t            \t<div class=\"ct-list-desc\">\r\n\t            \t\tTannverk og iling: Profesjonell diagnostikk og behandling for \u00e5 lindre smerte og ubehag i tenner og tannkj\u00f8tt.\t            \t<\/div>\r\n                    \t            <\/div>\r\n           <\/div>\r\n                    <div class=\"ct-list-item \" data-wow-delay=\"ms\">\r\n            \t<div class=\"ct-list-icon\"><i class=\"fac fac-check-circle\"><\/i><\/div>\r\n            \t<div class=\"ct-list-meta\">\r\n\t            \t<div class=\"ct-list-desc\">\r\n\t            \t\tHull i tennene: Forebyggende pleie og behandling for \u00e5 beskytte tennene mot karies og skader.\t            \t<\/div>\r\n                    \t            <\/div>\r\n           <\/div>\r\n                    <div class=\"ct-list-item \" data-wow-delay=\"ms\">\r\n            \t<div class=\"ct-list-icon\"><i class=\"fac fac-check-circle\"><\/i><\/div>\r\n            \t<div class=\"ct-list-meta\">\r\n\t            \t<div class=\"ct-list-desc\">\r\n\t            \t\t Bl\u00f8dende tannkj\u00f8tt: Effektiv behandling av tannkj\u00f8ttbetennelse og tidlige stadier av periodontale sykdommer for \u00e5 forhindre tanntap.\t            \t<\/div>\r\n                    \t            <\/div>\r\n           <\/div>\r\n                    <div class=\"ct-list-item \" data-wow-delay=\"ms\">\r\n            \t<div class=\"ct-list-icon\"><i class=\"fac fac-check-circle\"><\/i><\/div>\r\n            \t<div class=\"ct-list-meta\">\r\n\t            \t<div class=\"ct-list-desc\">\r\n\t            \t\tBeintap: Spesialiserte l\u00f8sninger for \u00e5 styrke beinstrukturen og forbedre tannstabilitet.\t            \t<\/div>\r\n                    \t            <\/div>\r\n           <\/div>\r\n                    <div class=\"ct-list-item \" data-wow-delay=\"ms\">\r\n            \t<div class=\"ct-list-icon\"><i class=\"fac fac-check-circle\"><\/i><\/div>\r\n            \t<div class=\"ct-list-meta\">\r\n\t            \t<div class=\"ct-list-desc\">\r\n\t            \t\tTannimplantater: Holdbare og naturlige erstatninger for manglende tenner som gjenoppretter smilet og selvtilliten din.\t            \t<\/div>\r\n                    \t            <\/div>\r\n           <\/div>\r\n                    <div class=\"ct-list-item \" data-wow-delay=\"ms\">\r\n            \t<div class=\"ct-list-icon\"><i class=\"fac fac-check-circle\"><\/i><\/div>\r\n            \t<div class=\"ct-list-meta\">\r\n\t            \t<div class=\"ct-list-desc\">\r\n\t            \t\tDigital tannbehandling: Avansert teknologi for presis diagnostikk og personlig tilpasset behandling.\t            \t<\/div>\r\n                    \t            <\/div>\r\n           <\/div>\r\n            <\/div>\r\n\t\t\t\t<\/div>\n\t\t\t\t<\/div>\n\t\t\t\t<div class=\"elementor-element elementor-element-e3e7dc3 elementor-widget elementor-widget-ct_gallery_carousel\" data-id=\"e3e7dc3\" data-element_type=\"widget\" data-widget_type=\"ct_gallery_carousel.default\">\n\t\t\t\t<div class=\"elementor-widget-container\">\n\t\t\t\t\t    <div class=\"ct-gallery-carousel1 ct-slick-slider\">\r\n        <div class=\"ct-carousel-inner\">\r\n            <div class=\"ct-slick-carousel\" data-arrows=\"\" data-dots=\"true\" data-pauseOnHover=\"\" data-autoplay=\"true\" data-autoplaySpeed=\"5000\" data-infinite=\"\" data-speed=\"500\" data-colxs=\"1\" data-colsm=\"2\" data-colmd=\"2\" data-collg=\"2\" data-colxl=\"2\" data-dir=\"false\" data-slidesToScroll=\"2\">\r\n                                    <div class=\"slick-slide\">\r\n                        <img decoding=\"async\" class=\"\" src=\"https:\/\/scandinavian-international-clinics.es\/wp-content\/uploads\/2025\/01\/Albir-engelsk-tannlege-475x600.jpg\" width=\"475\" height=\"600\" alt=\"Albir engelsk tannlege\" title=\"Albir engelsk tannlege\" \/>                    <\/div>\r\n                                    <div class=\"slick-slide\">\r\n                        <img loading=\"lazy\" decoding=\"async\" class=\"\" src=\"https:\/\/scandinavian-international-clinics.es\/wp-content\/uploads\/2025\/01\/engelsktalende-tannlege-albir-475x600.jpg\" width=\"475\" height=\"600\" alt=\"engelsktalende tannlege albir\" title=\"engelsktalende tannlege albir\" \/>                    <\/div>\r\n                            <\/div>\r\n        <\/div>\r\n    <\/div>\r\n\t\t\t\t<\/div>\n\t\t\t\t<\/div>\n\t\t\t\t<div class=\"elementor-element elementor-element-587ca20 elementor-widget elementor-widget-ct_tabs\" data-id=\"587ca20\" data-element_type=\"widget\" data-widget_type=\"ct_tabs.default\">\n\t\t\t\t<div class=\"elementor-widget-container\">\n\t\t\t\t\t            <div class=\"ct-tabs ct-tabs--layout1 type-horizontal style1\">\n                <div class=\"ct-tabs-title\">\n                                            <span class=\"ct-tab-title active\" data-target=\"#ct_tabs-587ca20-4f1a9d6\">\n                                                                                    Engelsktalende        \n                        <\/span>\n                                            <span class=\"ct-tab-title \" data-target=\"#ct_tabs-587ca20-d7551e8\">\n                                                                                     MER INFORMASJON        \n                        <\/span>\n                                    <\/div>\n\n                <div class=\"ct-tabs-content\">\n                                            <div class=\"ct-tab-content \" id=\"ct_tabs-587ca20-4f1a9d6\" style=\"display:block;\"><p>V\u00e5re tannleger i Albir snakker flytende engelsk og spansk.<\/p><\/div>\n                                            <div class=\"ct-tab-content \" id=\"ct_tabs-587ca20-d7551e8\"><p>For mer informasjon, ta gjerne en titt p\u00e5 <a href=\"https:\/\/esdens.com\/\">\u00a0https:\/\/esdens.com\/<\/a><\/p><\/div>\n                                    <\/div>\n            <\/div>\n            \t\t\t\t<\/div>\n\t\t\t\t<\/div>\n\t\t            <\/div>\n        <\/div>\n                <div class=\"elementor-column elementor-col-33 elementor-top-column elementor-element elementor-element-22f548a\" data-id=\"22f548a\" data-element_type=\"column\">\n        <div class=\"elementor-widget-wrap elementor-element-populated\">\n                    \n        \t\t<div class=\"elementor-element elementor-element-23b9ab2 elementor-widget elementor-widget-ct_navigation_menu\" data-id=\"23b9ab2\" data-element_type=\"widget\" data-widget_type=\"ct_navigation_menu.default\">\n\t\t\t\t<div class=\"elementor-widget-container\">\n\t\t\t\t\t    <div id=\"ct_navigation_menu-23b9ab2\" class=\"ct-navigation-menu1 default\">\r\n        <div class=\"menu-menu-albir-no-container\"><ul id=\"menu-menu-albir-no\" class=\"menu\"><li id=\"menu-item-7450\" class=\"menu-item menu-item-type-post_type menu-item-object-page menu-item-7450\"><a href=\"https:\/\/scandinavian-international-clinics.es\/no\/norsk-medisinsk-klinikk-i-albir\/norsk-lege-i-albir\/\">Norsk lege i Albir<\/a><\/li>\n<li id=\"menu-item-7449\" class=\"menu-item menu-item-type-post_type menu-item-object-page menu-item-7449\"><a href=\"https:\/\/scandinavian-international-clinics.es\/no\/norsk-medisinsk-klinikk-i-albir\/norsk-fysioterapeut-i-albir\/\">Fysioterapeut i Albir<\/a><\/li>\n<li id=\"menu-item-7457\" class=\"menu-item menu-item-type-post_type menu-item-object-page menu-item-7457\"><a href=\"https:\/\/scandinavian-international-clinics.es\/no\/norsk-medisinsk-klinikk-i-albir\/tannlege-i-albir\/\">Tannlege i Albir<\/a><\/li>\n<li id=\"menu-item-7448\" class=\"menu-item menu-item-type-post_type menu-item-object-page menu-item-7448\"><a href=\"https:\/\/scandinavian-international-clinics.es\/no\/norsk-medisinsk-klinikk-i-albir\/medisinske-attester-i-albir\/\">Attester i Albir<\/a><\/li>\n<\/ul><\/div>    <\/div>\r\n\t\t\t\t<\/div>\n\t\t\t\t<\/div>\n\t\t\t\t<div class=\"elementor-element elementor-element-3f13ca7 elementor-widget elementor-widget-spacer\" data-id=\"3f13ca7\" data-element_type=\"widget\" data-widget_type=\"spacer.default\">\n\t\t\t\t\t\t\t<div class=\"elementor-spacer\">\n\t\t\t<div class=\"elementor-spacer-inner\"><\/div>\n\t\t<\/div>\n\t\t\t\t\t\t<\/div>\n\t\t\t\t<div class=\"elementor-element elementor-element-d5a6119 elementor-widget elementor-widget-ct_heading\" data-id=\"d5a6119\" data-element_type=\"widget\" data-widget_type=\"ct_heading.default\">\n\t\t\t\t<div class=\"elementor-widget-container\">\n\t\t\t\t\t<div id=\"ct_heading-d5a6119\" class=\"ct-heading h-align- sub-style1 ct-heading-left item-st-default\">\r\n\t<div class=\"ct-item--inner\">\r\n        <div class=\"ct-inline-css\"  data-css=\"\r\n            \">\r\n        <\/div>\r\n                <h3 class=\"item--title st-default case-animate-time\" data-wow-delay=\"ms\">\r\n                        <span class=\"sp-main\">\r\n                \r\n                Kontakt\r\n                \r\n                            <\/span>\r\n                    <\/h3>\r\n    <\/div>\r\n<\/div>\t\t\t\t<\/div>\n\t\t\t\t<\/div>\n\t\t\t\t<div class=\"elementor-element elementor-element-77f21b3 elementor-widget elementor-widget-ct_contact_info\" data-id=\"77f21b3\" data-element_type=\"widget\" data-widget_type=\"ct_contact_info.default\">\n\t\t\t\t<div class=\"elementor-widget-container\">\n\t\t\t\t\t    <ul id=\"ct_contact_info-77f21b3\" class=\"ct-contact-info ct-contact-info1 style2 \">\r\n        <div class=\"ct-inline-css\"  data-css=\"\r\n            \">\r\n\r\n        <\/div>\r\n                    <li>\r\n            \t\t\t\t        <span class=\"ct-contact-icon\">\r\n\t\t                <i aria-hidden=\"true\" class=\"fas fa-map-marked-alt\"><\/i>\t\t                \t\t\t        <\/span>\r\n\t\t\t                                                        <span class=\"ct-contact-content\">\r\n                       C\/Vivaldi 7\u202803581<\/br>\nAlfaz del Pi \/ El Albir                    <\/span>\r\n                           <\/li>\r\n                    <li>\r\n            \t\t\t\t        <span class=\"ct-contact-icon\">\r\n\t\t                <i aria-hidden=\"true\" class=\"material zmdi zmdi-phone\"><\/i>\t\t                \t\t\t        <\/span>\r\n\t\t\t                                                        <a class=\"ct-contact-content ct-contact-link\" href=\"tel: +34 965 502 312\">\r\n                       +34 965 502 312 (09-18)                    <\/a>\r\n                           <\/li>\r\n                    <li>\r\n            \t\t\t\t        <span class=\"ct-contact-icon\">\r\n\t\t                <i aria-hidden=\"true\" class=\"material zmdi zmdi-email-open\"><\/i>\t\t                \t\t\t        <\/span>\r\n\t\t\t                                                        <span class=\"ct-contact-content\">\r\n                       info@siclinics.es                    <\/span>\r\n                           <\/li>\r\n            <\/ul>\r\n\t\t\t\t<\/div>\n\t\t\t\t<\/div>\n\t\t\t\t<div class=\"elementor-element elementor-element-a5e6340 elementor-widget elementor-widget-spacer\" data-id=\"a5e6340\" data-element_type=\"widget\" data-widget_type=\"spacer.default\">\n\t\t\t\t\t\t\t<div class=\"elementor-spacer\">\n\t\t\t<div class=\"elementor-spacer-inner\"><\/div>\n\t\t<\/div>\n\t\t\t\t\t\t<\/div>\n\t\t\t\t<div class=\"elementor-element elementor-element-5a465f1 elementor-widget elementor-widget-ct_heading\" data-id=\"5a465f1\" data-element_type=\"widget\" data-widget_type=\"ct_heading.default\">\n\t\t\t\t<div class=\"elementor-widget-container\">\n\t\t\t\t\t<div id=\"ct_heading-5a465f1\" class=\"ct-heading h-align- sub-style1 ct-heading-left item-st-default\">\r\n\t<div class=\"ct-item--inner\">\r\n        <div class=\"ct-inline-css\"  data-css=\"\r\n            \">\r\n        <\/div>\r\n                <h3 class=\"item--title st-default case-animate-time\" data-wow-delay=\"ms\">\r\n                        <span class=\"sp-main\">\r\n                \r\n                Alfaz del Pi \/ El Albir\r\n                \r\n                            <\/span>\r\n                    <\/h3>\r\n    <\/div>\r\n<\/div>\t\t\t\t<\/div>\n\t\t\t\t<\/div>\n\t\t\t\t<div class=\"elementor-element elementor-element-027e9ff elementor-widget elementor-widget-google_maps\" data-id=\"027e9ff\" data-element_type=\"widget\" data-widget_type=\"google_maps.default\">\n\t\t\t\t\t\t\t<div class=\"elementor-custom-embed\">\n\t\t\t<iframe loading=\"lazy\"\n\t\t\t\t\tsrc=\"https:\/\/maps.google.com\/maps?q=Carrer%20Vivaldi%2C%207%2C%2003581%20l%27Alf%C3%A0s%20del%20Pi%2C%20Alacant%2C%20Spain&#038;t=m&#038;z=13&#038;output=embed&#038;iwloc=near\"\n\t\t\t\t\ttitle=\"Carrer Vivaldi, 7, 03581 l&#039;Alf\u00e0s del Pi, Alacant, Spain\"\n\t\t\t\t\taria-label=\"Carrer Vivaldi, 7, 03581 l&#039;Alf\u00e0s del Pi, Alacant, Spain\"\n\t\t\t><\/iframe>\n\t\t<\/div>\n\t\t\t\t\t\t<\/div>\n\t\t            <\/div>\n        <\/div>\n                    <\/div>\n        <\/section>\n        \t\t<\/div>\n\t\t","protected":false},"excerpt":{"rendered":"<p>Engelsktalende tannlege i Albir Hos Scandinavian International Clinics tilbyr vi f\u00f8rsteklasses tannpleie i Albir. V\u00e5rt erfarne team bruker den nyeste teknologien for \u00e5 levere behandlinger av h\u00f8y kvalitet som ivaretar din munnhelse og forbedrer ditt smil. V\u00e5re moderne fasiliteter gir et trygt og komfortabelt milj\u00f8 for b\u00e5de grunnleggende tannpleie og avanserte behandlinger, inkludert tannimplantater og [&hellip;]<\/p>\n","protected":false},"author":1,"featured_media":0,"parent":4865,"menu_order":0,"comment_status":"closed","ping_status":"closed","template":"","meta":{"footnotes":""},"class_list":["post-4879","page","type-page","status-publish","hentry"],"aioseo_notices":[],"_links":{"self":[{"href":"https:\/\/scandinavian-international-clinics.es\/no\/wp-json\/wp\/v2\/pages\/4879","targetHints":{"allow":["GET"]}}],"collection":[{"href":"https:\/\/scandinavian-international-clinics.es\/no\/wp-json\/wp\/v2\/pages"}],"about":[{"href":"https:\/\/scandinavian-international-clinics.es\/no\/wp-json\/wp\/v2\/types\/page"}],"author":[{"embeddable":true,"href":"https:\/\/scandinavian-international-clinics.es\/no\/wp-json\/wp\/v2\/users\/1"}],"replies":[{"embeddable":true,"href":"https:\/\/scandinavian-international-clinics.es\/no\/wp-json\/wp\/v2\/comments?post=4879"}],"version-history":[{"count":68,"href":"https:\/\/scandinavian-international-clinics.es\/no\/wp-json\/wp\/v2\/pages\/4879\/revisions"}],"predecessor-version":[{"id":8981,"href":"https:\/\/scandinavian-international-clinics.es\/no\/wp-json\/wp\/v2\/pages\/4879\/revisions\/8981"}],"up":[{"embeddable":true,"href":"https:\/\/scandinavian-international-clinics.es\/no\/wp-json\/wp\/v2\/pages\/4865"}],"wp:attachment":[{"href":"https:\/\/scandinavian-international-clinics.es\/no\/wp-json\/wp\/v2\/media?parent=4879"}],"curies":[{"name":"wp","href":"https:\/\/api.w.org\/{rel}","templated":true}]}}