{"id":4869,"date":"2025-01-19T09:44:52","date_gmt":"2025-01-19T09:44:52","guid":{"rendered":"https:\/\/scandinavian-international-clinics.es\/albir\/fastlege\/"},"modified":"2025-12-01T18:53:59","modified_gmt":"2025-12-01T18:53:59","slug":"norsk-lege-i-albir","status":"publish","type":"page","link":"https:\/\/scandinavian-international-clinics.es\/no\/norsk-medisinsk-klinikk-i-albir\/norsk-lege-i-albir\/","title":{"rendered":"Norsk lege i Albir"},"content":{"rendered":"\t\t<div data-elementor-type=\"wp-page\" data-elementor-id=\"4869\" class=\"elementor elementor-4869 elementor-4867\">\n\t\t\t\t        <section class=\"elementor-section elementor-top-section elementor-element elementor-element-dfa3777 elementor-section-boxed elementor-section-height-default elementor-section-height-default ct-header-fixed-none ct-row-max-none\" data-id=\"dfa3777\" data-element_type=\"section\">\n            \n                        <div class=\"elementor-container elementor-column-gap-extended \">\n                    <div class=\"elementor-column elementor-col-66 elementor-top-column elementor-element elementor-element-69d8457\" data-id=\"69d8457\" data-element_type=\"column\">\n        <div class=\"elementor-widget-wrap elementor-element-populated\">\n                    \n        \t\t<div class=\"elementor-element elementor-element-3973431 elementor-widget elementor-widget-ct_title\" data-id=\"3973431\" data-element_type=\"widget\" data-widget_type=\"ct_title.default\">\n\t\t\t\t<div class=\"elementor-widget-container\">\n\t\t\t\t\t<div class=\"ct-title1 style2\">\r\n    <h3>\r\n    \t\t        <span>Norsktalende lege i Albir<\/span>\r\n\t        <i><\/i>\r\n\t        <\/h3>\r\n<\/div>\t\t\t\t<\/div>\n\t\t\t\t<\/div>\n\t\t\t\t<div class=\"elementor-element elementor-element-8a72e5b elementor-widget elementor-widget-text-editor\" data-id=\"8a72e5b\" data-element_type=\"widget\" data-widget_type=\"text-editor.default\">\n\t\t\t\t\t\t\t\t\t<p><a href=\"https:\/\/scandinavian-international-clinics.es\/no\/norsk-medisinsk-klinikk-i-albir\/norsk-lege-i-denia\/\">For \u00e5 n\u00e5 en norsk lege i D\u00e9nia, klikk her.<\/a><\/p><p>P\u00e5 v\u00e5r klinikk i Albir tilbyr vi en enkel drop-in-tjeneste i \u00e5pningstiden, mandag til fredag kl. 09:00\u201315:00. Du kan ogs\u00e5 ringe oss for \u00e5 avtale en time som passer for deg.<\/p><div>V\u00e5re allmennleger tilbyr medisinsk behandling for hele familien. Fra barn med utslett eller mageproblemer til voksne med kroniske sykdommer. Vi tar oss av det din fastlege gj\u00f8r hjemme. Foruten spesialister i allmennmedisin og idrettsmedisin, har vi spesialister innen nevrologi og indremedisin som tilbyr unders\u00f8kelse og behandling direkte p\u00e5 v\u00e5r klinikk.<\/div><div>\u00a0<\/div><div>Enten du trenger hjelp med vaksiner, helseunders\u00f8kelser, mindre kirurgiske inngrep eller gynekologiske unders\u00f8kelser tilbyr vi rask og profesjonell behandling n\u00e6r deg i Albir.<\/div>\t\t\t\t\t\t\t\t<\/div>\n\t\t\t\t<div class=\"elementor-element elementor-element-358225d elementor-widget elementor-widget-text-editor\" data-id=\"358225d\" data-element_type=\"widget\" data-widget_type=\"text-editor.default\">\n\t\t\t\t\t\t\t\t\t<h5>Ring oss for \u00e5 bestille time: <a href=\"tel: +34 965 502 312\">+34 965 50 23 12<\/a><\/h5>\t\t\t\t\t\t\t\t<\/div>\n\t\t\t\t<div class=\"elementor-element elementor-element-1269566 elementor-widget elementor-widget-ct_gallery_carousel\" data-id=\"1269566\" data-element_type=\"widget\" data-widget_type=\"ct_gallery_carousel.default\">\n\t\t\t\t<div class=\"elementor-widget-container\">\n\t\t\t\t\t    <div class=\"ct-gallery-carousel1 ct-slick-slider\">\r\n        <div class=\"ct-carousel-inner\">\r\n            <div class=\"ct-slick-carousel\" data-arrows=\"\" data-dots=\"true\" data-pauseOnHover=\"\" data-autoplay=\"true\" data-autoplaySpeed=\"5000\" data-infinite=\"\" data-speed=\"500\" data-colxs=\"1\" data-colsm=\"2\" data-colmd=\"2\" data-collg=\"2\" data-colxl=\"2\" data-dir=\"false\" data-slidesToScroll=\"2\">\r\n                                    <div class=\"slick-slide\">\r\n                        <img fetchpriority=\"high\" decoding=\"async\" class=\"\" src=\"https:\/\/scandinavian-international-clinics.es\/wp-content\/uploads\/2025\/01\/Norsk-lege-Albir-475x600.jpg\" width=\"475\" height=\"600\" alt=\"Norsk lege Albir\" title=\"Norsk lege Albir\" \/>                    <\/div>\r\n                                    <div class=\"slick-slide\">\r\n                        <img decoding=\"async\" class=\"\" src=\"https:\/\/scandinavian-international-clinics.es\/wp-content\/uploads\/2025\/01\/Lege-i-Albir-vaksinering-475x600.jpg\" width=\"475\" height=\"600\" alt=\"Lege i Albir vaksinering\" title=\"Lege i Albir vaksinering\" \/>                    <\/div>\r\n                                    <div class=\"slick-slide\">\r\n                        <img decoding=\"async\" class=\"\" src=\"https:\/\/scandinavian-international-clinics.es\/wp-content\/uploads\/2025\/01\/Lege-i-Albir-timebestilling-475x600.jpg\" width=\"475\" height=\"600\" alt=\"Lege i Albir timebestilling\" title=\"Lege i Albir timebestilling\" \/>                    <\/div>\r\n                                    <div class=\"slick-slide\">\r\n                        <img loading=\"lazy\" decoding=\"async\" class=\"\" src=\"https:\/\/scandinavian-international-clinics.es\/wp-content\/uploads\/2025\/01\/Lege-i-Albir-reseptutskrivning-475x600.jpg\" width=\"475\" height=\"600\" alt=\"Lege i Albir reseptutskrivning\" title=\"Lege i Albir reseptutskrivning\" \/>                    <\/div>\r\n                            <\/div>\r\n        <\/div>\r\n    <\/div>\r\n\t\t\t\t<\/div>\n\t\t\t\t<\/div>\n\t\t\t\t<div class=\"elementor-element elementor-element-898a807 elementor-widget elementor-widget-text-editor\" data-id=\"898a807\" data-element_type=\"widget\" data-widget_type=\"text-editor.default\">\n\t\t\t\t\t\t\t\t\t<h5>Spesialiteter:<\/h5>\t\t\t\t\t\t\t\t<\/div>\n\t\t\t\t<div class=\"elementor-element elementor-element-aeb3c75 elementor-widget elementor-widget-ct_list\" data-id=\"aeb3c75\" data-element_type=\"widget\" data-widget_type=\"ct_list.default\">\n\t\t\t\t<div class=\"elementor-widget-container\">\n\t\t\t\t\t    <div class=\"ct-list style1 \">\r\n                    <div class=\"ct-list-item \" data-wow-delay=\"ms\">\r\n            \t<div class=\"ct-list-icon\"><i class=\"fac fac-check-circle\"><\/i><\/div>\r\n            \t<div class=\"ct-list-meta\">\r\n\t            \t<div class=\"ct-list-desc\">\r\n\t            \t\t Diagnose og behandling av akutte og kroniske sykdommer\t            \t<\/div>\r\n                    \t            <\/div>\r\n           <\/div>\r\n                    <div class=\"ct-list-item \" data-wow-delay=\"ms\">\r\n            \t<div class=\"ct-list-icon\"><i class=\"fac fac-check-circle\"><\/i><\/div>\r\n            \t<div class=\"ct-list-meta\">\r\n\t            \t<div class=\"ct-list-desc\">\r\n\t            \t\tHjemmebes\u00f8k\n\t            \t<\/div>\r\n                    \t            <\/div>\r\n           <\/div>\r\n                    <div class=\"ct-list-item \" data-wow-delay=\"ms\">\r\n            \t<div class=\"ct-list-icon\"><i class=\"fac fac-check-circle\"><\/i><\/div>\r\n            \t<div class=\"ct-list-meta\">\r\n\t            \t<div class=\"ct-list-desc\">\r\n\t            \t\tReisemedisin og vaksinasjoner\t            \t<\/div>\r\n                    \t            <\/div>\r\n           <\/div>\r\n                    <div class=\"ct-list-item \" data-wow-delay=\"ms\">\r\n            \t<div class=\"ct-list-icon\"><i class=\"fac fac-check-circle\"><\/i><\/div>\r\n            \t<div class=\"ct-list-meta\">\r\n\t            \t<div class=\"ct-list-desc\">\r\n\t            \t\t Allmennmedisin og familiepraksis: Behandling av barn, ungdom og voksne for vanlige medisinske problemer\t            \t<\/div>\r\n                    \t            <\/div>\r\n           <\/div>\r\n                    <div class=\"ct-list-item \" data-wow-delay=\"ms\">\r\n            \t<div class=\"ct-list-icon\"><i class=\"fac fac-check-circle\"><\/i><\/div>\r\n            \t<div class=\"ct-list-meta\">\r\n\t            \t<div class=\"ct-list-desc\">\r\n\t            \t\tBehandling av muskel- og skjelettsmerter:  \nVi tilbyr nevralterapi, en anerkjent behandlingsmetode for kroniske smerter, i samarbeid med Dr. Michael Ballke. Klikk her for mer informasjon om nevralterapi.\t            \t<\/div>\r\n                                            <a class=\"item--link\" href=\"https:\/\/painfreeclinic.no\/\" target=\"_blank\"><\/a>\r\n                    \t            <\/div>\r\n           <\/div>\r\n                    <div class=\"ct-list-item \" data-wow-delay=\"ms\">\r\n            \t<div class=\"ct-list-icon\"><i class=\"fac fac-check-circle\"><\/i><\/div>\r\n            \t<div class=\"ct-list-meta\">\r\n\t            \t<div class=\"ct-list-desc\">\r\n\t            \t\tMindre kirurgiske inngrep og s\u00e5rbehandling, inkludert dermatologiske tjenester som fjerning av f\u00f8flekker og inngrodd t\u00e5neglkirurgi\t            \t<\/div>\r\n                    \t            <\/div>\r\n           <\/div>\r\n                    <div class=\"ct-list-item \" data-wow-delay=\"ms\">\r\n            \t<div class=\"ct-list-icon\"><i class=\"fac fac-check-circle\"><\/i><\/div>\r\n            \t<div class=\"ct-list-meta\">\r\n\t            \t<div class=\"ct-list-desc\">\r\n\t            \t\t Kvinnehelse: Unders\u00f8kelser knyttet til kvinners spesifikke helsebehov, inkludert gynekologi, graviditet, overgangsalder og reproduktiv helse.\t            \t<\/div>\r\n                    \t            <\/div>\r\n           <\/div>\r\n                    <div class=\"ct-list-item \" data-wow-delay=\"ms\">\r\n            \t<div class=\"ct-list-icon\"><i class=\"fac fac-check-circle\"><\/i><\/div>\r\n            \t<div class=\"ct-list-meta\">\r\n\t            \t<div class=\"ct-list-desc\">\r\n\t            \t\tEstetisk medisin: Vi tilbyr behandlinger med hyaluronsyre, botox og hudfornyelse.\t            \t<\/div>\r\n                    \t            <\/div>\r\n           <\/div>\r\n                    <div class=\"ct-list-item \" data-wow-delay=\"ms\">\r\n            \t<div class=\"ct-list-icon\"><i class=\"fac fac-check-circle\"><\/i><\/div>\r\n            \t<div class=\"ct-list-meta\">\r\n\t            \t<div class=\"ct-list-desc\">\r\n\t            \t\tRegenerativ medisin: Vi tilbyr analyser av hormoner, immunforsvar, vitaminer, mineraler, DNA og telomerer, samt utredning av allergier og overf\u00f8lsomhet, og epigenetisk veiledning.\t            \t<\/div>\r\n                    \t            <\/div>\r\n           <\/div>\r\n            <\/div>\r\n\t\t\t\t<\/div>\n\t\t\t\t<\/div>\n\t\t\t\t<div class=\"elementor-element elementor-element-94e0125 elementor-widget elementor-widget-ct_tabs\" data-id=\"94e0125\" data-element_type=\"widget\" data-widget_type=\"ct_tabs.default\">\n\t\t\t\t<div class=\"elementor-widget-container\">\n\t\t\t\t\t            <div class=\"ct-tabs ct-tabs--layout1 type-horizontal style1\">\n                <div class=\"ct-tabs-title\">\n                                            <span class=\"ct-tab-title active\" data-target=\"#ct_tabs-94e0125-9b25c0b\">\n                                                                                    Spesialister        \n                        <\/span>\n                                            <span class=\"ct-tab-title \" data-target=\"#ct_tabs-94e0125-4f1a9d6\">\n                                                                                    Norsktalende        \n                        <\/span>\n                                            <span class=\"ct-tab-title \" data-target=\"#ct_tabs-94e0125-d7551e8\">\n                                                                                    Fast pris        \n                        <\/span>\n                                    <\/div>\n\n                <div class=\"ct-tabs-content\">\n                                            <div class=\"ct-tab-content \" id=\"ct_tabs-94e0125-9b25c0b\" style=\"display:block;\"><p>V\u00e5rt legeteam best\u00e5r av erfarne spesialister i allmennmedisin, idrettsmedisin, trope- og reisemedisin, indremedisin og nevrologi. Gjennom v\u00e5rt samarbeid med Sandefjord Helsepark har vi direkte tilgang til Norsk Helsenett og kan derigjennom kommunisere med b\u00e5de din norske fastlege og NAV.\u00a0<\/p><\/div>\n                                            <div class=\"ct-tab-content \" id=\"ct_tabs-94e0125-4f1a9d6\"><p>V\u00e5rt personale snakker flytende norsk, og mange behersker ogs\u00e5 spr\u00e5k som engelsk, spansk, dansk, svensk, fransk, tysk og flere andre. N\u00e5r du kontakter oss, gi beskjed om hvilket spr\u00e5k du foretrekker, slik at vi kan hjelpe deg best mulig.<\/p><\/div>\n                                            <div class=\"ct-tab-content \" id=\"ct_tabs-94e0125-d7551e8\"><div class=\"flex-shrink-0 flex flex-col relative items-end\"><div><div class=\"pt-0\"><div class=\"gizmo-shadow-stroke flex h-8 w-8 items-center justify-center overflow-hidden rounded-full\"><div class=\"h-full w-full\"><div class=\"gizmo-shadow-stroke overflow-hidden rounded-full\">\u00a0<\/div><\/div><\/div><\/div><\/div><\/div><div class=\"group\/conversation-turn relative flex w-full min-w-0 flex-col agent-turn\"><div class=\"flex-col gap-1 md:gap-3\"><div class=\"flex max-w-full flex-col flex-grow\"><div class=\"min-h-8 text-message flex w-full flex-col items-end gap-2 whitespace-normal break-words text-start [.text-message+&amp;]:mt-5\" dir=\"auto\" data-message-author-role=\"assistant\" data-message-id=\"0992873d-49bc-48d1-90f7-63ee1e4e9d5b\" data-message-model-slug=\"gpt-4o\"><div class=\"flex w-full flex-col gap-1 empty:hidden first:pt-[3px]\"><div class=\"markdown prose w-full break-words dark:prose-invert light\"><p>Ingen liker overraskelser n\u00e5r det gjelder kostnader! Derfor tilbyr vi en enhetspris per bes\u00f8k: du betaler kun 75 \u20ac for en konsultasjon.<\/p><p>Hvis vi ser at det er behov for ytterligere tester eller en mer komplisert prosedyre, vil vi informere deg f\u00f8r vi g\u00e5r videre. P\u00e5 den m\u00e5ten kan du alltid f\u00f8le deg trygg p\u00e5 at du ikke betaler for mye.<\/p><\/div><\/div><\/div><\/div><\/div><\/div><\/div>\n                                    <\/div>\n            <\/div>\n            \t\t\t\t<\/div>\n\t\t\t\t<\/div>\n\t\t            <\/div>\n        <\/div>\n                <div class=\"elementor-column elementor-col-33 elementor-top-column elementor-element elementor-element-9e378c3\" data-id=\"9e378c3\" data-element_type=\"column\">\n        <div class=\"elementor-widget-wrap elementor-element-populated\">\n                    \n        \t\t<div class=\"elementor-element elementor-element-c7a9379 elementor-widget elementor-widget-ct_navigation_menu\" data-id=\"c7a9379\" data-element_type=\"widget\" data-widget_type=\"ct_navigation_menu.default\">\n\t\t\t\t<div class=\"elementor-widget-container\">\n\t\t\t\t\t    <div id=\"ct_navigation_menu-c7a9379\" class=\"ct-navigation-menu1 default\">\r\n        <div class=\"menu-menu-albir-no-container\"><ul id=\"menu-menu-albir-no\" class=\"menu\"><li id=\"menu-item-7450\" class=\"menu-item menu-item-type-post_type menu-item-object-page menu-item-7450\"><a href=\"https:\/\/scandinavian-international-clinics.es\/no\/norsk-medisinsk-klinikk-i-albir\/norsk-lege-i-albir\/\">Norsk lege i Albir<\/a><\/li>\n<li id=\"menu-item-7449\" class=\"menu-item menu-item-type-post_type menu-item-object-page menu-item-7449\"><a href=\"https:\/\/scandinavian-international-clinics.es\/no\/norsk-medisinsk-klinikk-i-albir\/norsk-fysioterapeut-i-albir\/\">Fysioterapeut i Albir<\/a><\/li>\n<li id=\"menu-item-7457\" class=\"menu-item menu-item-type-post_type menu-item-object-page menu-item-7457\"><a href=\"https:\/\/scandinavian-international-clinics.es\/no\/norsk-medisinsk-klinikk-i-albir\/tannlege-i-albir\/\">Tannlege i Albir<\/a><\/li>\n<li id=\"menu-item-7448\" class=\"menu-item menu-item-type-post_type menu-item-object-page menu-item-7448\"><a href=\"https:\/\/scandinavian-international-clinics.es\/no\/norsk-medisinsk-klinikk-i-albir\/medisinske-attester-i-albir\/\">Attester i Albir<\/a><\/li>\n<\/ul><\/div>    <\/div>\r\n\t\t\t\t<\/div>\n\t\t\t\t<\/div>\n\t\t\t\t<div class=\"elementor-element elementor-element-c047c33 elementor-widget elementor-widget-spacer\" data-id=\"c047c33\" data-element_type=\"widget\" data-widget_type=\"spacer.default\">\n\t\t\t\t\t\t\t<div class=\"elementor-spacer\">\n\t\t\t<div class=\"elementor-spacer-inner\"><\/div>\n\t\t<\/div>\n\t\t\t\t\t\t<\/div>\n\t\t\t\t<div class=\"elementor-element elementor-element-2fe2ac5 elementor-widget elementor-widget-ct_heading\" data-id=\"2fe2ac5\" data-element_type=\"widget\" data-widget_type=\"ct_heading.default\">\n\t\t\t\t<div class=\"elementor-widget-container\">\n\t\t\t\t\t<div id=\"ct_heading-2fe2ac5\" class=\"ct-heading h-align- sub-style1 ct-heading-left item-st-default\">\r\n\t<div class=\"ct-item--inner\">\r\n        <div class=\"ct-inline-css\"  data-css=\"\r\n            \">\r\n        <\/div>\r\n                <h3 class=\"item--title st-default case-animate-time\" data-wow-delay=\"ms\">\r\n                        <span class=\"sp-main\">\r\n                \r\n                Kontakt\r\n                \r\n                            <\/span>\r\n                    <\/h3>\r\n    <\/div>\r\n<\/div>\t\t\t\t<\/div>\n\t\t\t\t<\/div>\n\t\t\t\t<div class=\"elementor-element elementor-element-f835dc4 elementor-widget elementor-widget-ct_contact_info\" data-id=\"f835dc4\" data-element_type=\"widget\" data-widget_type=\"ct_contact_info.default\">\n\t\t\t\t<div class=\"elementor-widget-container\">\n\t\t\t\t\t    <ul id=\"ct_contact_info-f835dc4\" class=\"ct-contact-info ct-contact-info1 style2 \">\r\n        <div class=\"ct-inline-css\"  data-css=\"\r\n            \">\r\n\r\n        <\/div>\r\n                    <li>\r\n            \t\t\t\t        <span class=\"ct-contact-icon\">\r\n\t\t                <i aria-hidden=\"true\" class=\"fas fa-map-marked-alt\"><\/i>\t\t                \t\t\t        <\/span>\r\n\t\t\t                                                        <span class=\"ct-contact-content\">\r\n                       C\/Vivaldi 7\u202803581<\/br>\nAlfaz del Pi \/ El Albir<br>\n<br>\nDrop-in: 09-15                    <\/span>\r\n                           <\/li>\r\n                    <li>\r\n            \t\t\t\t        <span class=\"ct-contact-icon\">\r\n\t\t                <i aria-hidden=\"true\" class=\"material zmdi zmdi-phone\"><\/i>\t\t                \t\t\t        <\/span>\r\n\t\t\t                                                        <a class=\"ct-contact-content ct-contact-link\" href=\"tel: +34 965 502 312\">\r\n                       I \u00e5pningstiden:<br> +34 965 502 312 (09-18)                    <\/a>\r\n                           <\/li>\r\n                    <li>\r\n            \t\t\t\t        <span class=\"ct-contact-icon\">\r\n\t\t                <i aria-hidden=\"true\" class=\"material zmdi zmdi-phone\"><\/i>\t\t                \t\t\t        <\/span>\r\n\t\t\t                                                        <span class=\"ct-contact-content\">\r\n                       Hjelp utenfor \u00e5pningstiden: <br>+34 662 337 337 (18-09)                    <\/span>\r\n                           <\/li>\r\n                    <li>\r\n            \t\t\t\t        <span class=\"ct-contact-icon\">\r\n\t\t                <i aria-hidden=\"true\" class=\"material zmdi zmdi-email-open\"><\/i>\t\t                \t\t\t        <\/span>\r\n\t\t\t                                                        <span class=\"ct-contact-content\">\r\n                       info@siclinics.es                    <\/span>\r\n                           <\/li>\r\n            <\/ul>\r\n\t\t\t\t<\/div>\n\t\t\t\t<\/div>\n\t\t\t\t<div class=\"elementor-element elementor-element-b9bc9a2 elementor-widget elementor-widget-spacer\" data-id=\"b9bc9a2\" data-element_type=\"widget\" data-widget_type=\"spacer.default\">\n\t\t\t\t\t\t\t<div class=\"elementor-spacer\">\n\t\t\t<div class=\"elementor-spacer-inner\"><\/div>\n\t\t<\/div>\n\t\t\t\t\t\t<\/div>\n\t\t\t\t<div class=\"elementor-element elementor-element-0f08b92 elementor-widget elementor-widget-ct_heading\" data-id=\"0f08b92\" data-element_type=\"widget\" data-widget_type=\"ct_heading.default\">\n\t\t\t\t<div class=\"elementor-widget-container\">\n\t\t\t\t\t<div id=\"ct_heading-0f08b92\" class=\"ct-heading h-align- sub-style1 ct-heading-left item-st-default\">\r\n\t<div class=\"ct-item--inner\">\r\n        <div class=\"ct-inline-css\"  data-css=\"\r\n            \">\r\n        <\/div>\r\n                <h3 class=\"item--title st-default case-animate-time\" data-wow-delay=\"ms\">\r\n                        <span class=\"sp-main\">\r\n                \r\n                Alfaz del Pi \/ El Albir\r\n                \r\n                            <\/span>\r\n                    <\/h3>\r\n    <\/div>\r\n<\/div>\t\t\t\t<\/div>\n\t\t\t\t<\/div>\n\t\t\t\t<div class=\"elementor-element elementor-element-59a82b9 elementor-widget elementor-widget-google_maps\" data-id=\"59a82b9\" data-element_type=\"widget\" data-widget_type=\"google_maps.default\">\n\t\t\t\t\t\t\t<div class=\"elementor-custom-embed\">\n\t\t\t<iframe loading=\"lazy\"\n\t\t\t\t\tsrc=\"https:\/\/maps.google.com\/maps?q=Carrer%20Vivaldi%2C%207%2C%2003581%20l%27Alf%C3%A0s%20del%20Pi%2C%20Alacant%2C%20Spain&#038;t=m&#038;z=13&#038;output=embed&#038;iwloc=near\"\n\t\t\t\t\ttitle=\"Carrer Vivaldi, 7, 03581 l&#039;Alf\u00e0s del Pi, Alacant, Spain\"\n\t\t\t\t\taria-label=\"Carrer Vivaldi, 7, 03581 l&#039;Alf\u00e0s del Pi, Alacant, Spain\"\n\t\t\t><\/iframe>\n\t\t<\/div>\n\t\t\t\t\t\t<\/div>\n\t\t            <\/div>\n        <\/div>\n                    <\/div>\n        <\/section>\n        \t\t<\/div>\n\t\t","protected":false},"excerpt":{"rendered":"<p>Norsktalende lege i Albir For \u00e5 n\u00e5 en norsk lege i D\u00e9nia, klikk her. P\u00e5 v\u00e5r klinikk i Albir tilbyr vi en enkel drop-in-tjeneste i \u00e5pningstiden, mandag til fredag kl. 09:00\u201315:00. Du kan ogs\u00e5 ringe oss for \u00e5 avtale en time som passer for deg. V\u00e5re allmennleger tilbyr medisinsk behandling for hele familien. Fra barn [&hellip;]<\/p>\n","protected":false},"author":1,"featured_media":0,"parent":4865,"menu_order":0,"comment_status":"closed","ping_status":"closed","template":"","meta":{"footnotes":""},"class_list":["post-4869","page","type-page","status-publish","hentry"],"aioseo_notices":[],"_links":{"self":[{"href":"https:\/\/scandinavian-international-clinics.es\/no\/wp-json\/wp\/v2\/pages\/4869","targetHints":{"allow":["GET"]}}],"collection":[{"href":"https:\/\/scandinavian-international-clinics.es\/no\/wp-json\/wp\/v2\/pages"}],"about":[{"href":"https:\/\/scandinavian-international-clinics.es\/no\/wp-json\/wp\/v2\/types\/page"}],"author":[{"embeddable":true,"href":"https:\/\/scandinavian-international-clinics.es\/no\/wp-json\/wp\/v2\/users\/1"}],"replies":[{"embeddable":true,"href":"https:\/\/scandinavian-international-clinics.es\/no\/wp-json\/wp\/v2\/comments?post=4869"}],"version-history":[{"count":111,"href":"https:\/\/scandinavian-international-clinics.es\/no\/wp-json\/wp\/v2\/pages\/4869\/revisions"}],"predecessor-version":[{"id":9450,"href":"https:\/\/scandinavian-international-clinics.es\/no\/wp-json\/wp\/v2\/pages\/4869\/revisions\/9450"}],"up":[{"embeddable":true,"href":"https:\/\/scandinavian-international-clinics.es\/no\/wp-json\/wp\/v2\/pages\/4865"}],"wp:attachment":[{"href":"https:\/\/scandinavian-international-clinics.es\/no\/wp-json\/wp\/v2\/media?parent=4869"}],"curies":[{"name":"wp","href":"https:\/\/api.w.org\/{rel}","templated":true}]}}