{"id":4865,"date":"2025-01-19T09:39:15","date_gmt":"2025-01-19T09:39:15","guid":{"rendered":"https:\/\/scandinavian-international-clinics.es\/albir\/"},"modified":"2026-01-13T23:11:38","modified_gmt":"2026-01-13T23:11:38","slug":"norsk-medisinsk-klinikk-i-albir","status":"publish","type":"page","link":"https:\/\/scandinavian-international-clinics.es\/no\/norsk-medisinsk-klinikk-i-albir\/","title":{"rendered":"Norsk medisinsk klinikk i Albir"},"content":{"rendered":"\t\t<div data-elementor-type=\"wp-page\" data-elementor-id=\"4865\" class=\"elementor elementor-4865 elementor-4863\">\n\t\t\t\t        <section class=\"elementor-section elementor-top-section elementor-element elementor-element-f581ec0 elementor-section-boxed elementor-section-height-default elementor-section-height-default ct-header-fixed-none ct-row-max-none\" data-id=\"f581ec0\" data-element_type=\"section\">\n            \n                        <div class=\"elementor-container elementor-column-gap-extended \">\n                    <div class=\"elementor-column elementor-col-66 elementor-top-column elementor-element elementor-element-c54bdcd\" data-id=\"c54bdcd\" data-element_type=\"column\">\n        <div class=\"elementor-widget-wrap elementor-element-populated\">\n                    \n        \t\t<div class=\"elementor-element elementor-element-e48513a elementor-widget elementor-widget-ct_title\" data-id=\"e48513a\" data-element_type=\"widget\" data-widget_type=\"ct_title.default\">\n\t\t\t\t<div class=\"elementor-widget-container\">\n\t\t\t\t\t<div class=\"ct-title1 style2\">\r\n    <h3>\r\n    \t\t        <span>Norsk medisinsk klinikk i Albir<\/span>\r\n\t        <i><\/i>\r\n\t        <\/h3>\r\n<\/div>\t\t\t\t<\/div>\n\t\t\t\t<\/div>\n\t\t\t\t<div class=\"elementor-element elementor-element-30e37e2 elementor-widget elementor-widget-text-editor\" data-id=\"30e37e2\" data-element_type=\"widget\" data-widget_type=\"text-editor.default\">\n\t\t\t\t\t\t\t\t\t<p>Scandinavian International Clinics behandler pasienter p\u00e5 Costa Blanca, i Albir, Alfaz del Pi, Altea, Benidorm, Calpe og Vilajoyosa.<\/p><p>P\u00e5 v\u00e5r klinikk i Albir tilbyr vi en enkel drop-in-tjeneste i \u00e5pningstiden, mandag til fredag kl. 09:00\u201315:00. Du kan ogs\u00e5 ringe oss for \u00e5 avtale en time som passer for deg.<\/p><p>Legene v\u00e5re snakker flere spr\u00e5k, blant annet norsk, engelsk, dansk, svensk, fransk og tysk.<\/p><p>V\u00e5r moderne klinikk tilbyr tjenester som spenner fra generelle helsetjenester til spesialiserte behandlinger og hjemmebes\u00f8k n\u00e5r du trenger hjelp i hjemmet.<\/p>\t\t\t\t\t\t\t\t<\/div>\n\t\t\t\t<div class=\"elementor-element elementor-element-c7cef14 elementor-widget elementor-widget-text-editor\" data-id=\"c7cef14\" data-element_type=\"widget\" data-widget_type=\"text-editor.default\">\n\t\t\t\t\t\t\t\t\t<h5>Ring oss for \u00e5 bestille time: <a href=\"tel: +34 965 502 312\">+34 965 50 23 12<\/a><\/h5>\t\t\t\t\t\t\t\t<\/div>\n\t\t\t\t<div class=\"elementor-element elementor-element-48b1cc2 elementor-widget elementor-widget-ct_gallery_carousel\" data-id=\"48b1cc2\" data-element_type=\"widget\" data-widget_type=\"ct_gallery_carousel.default\">\n\t\t\t\t<div class=\"elementor-widget-container\">\n\t\t\t\t\t    <div class=\"ct-gallery-carousel1 ct-slick-slider\">\r\n        <div class=\"ct-carousel-inner\">\r\n            <div class=\"ct-slick-carousel\" data-arrows=\"\" data-dots=\"true\" data-pauseOnHover=\"\" data-autoplay=\"true\" data-autoplaySpeed=\"5000\" data-infinite=\"\" data-speed=\"500\" data-colxs=\"1\" data-colsm=\"2\" data-colmd=\"2\" data-collg=\"2\" data-colxl=\"2\" data-dir=\"false\" data-slidesToScroll=\"2\">\r\n                                    <div class=\"slick-slide\">\r\n                        <img fetchpriority=\"high\" decoding=\"async\" class=\"\" src=\"https:\/\/scandinavian-international-clinics.es\/wp-content\/uploads\/2025\/02\/Fastlege-Norwegian-Albir-Costa-Blanca-475x600.jpg\" width=\"475\" height=\"600\" alt=\"Fastlege Norwegian Albir Costa Blanca\" title=\"Fastlege Norwegian Albir Costa Blanca\" \/>                    <\/div>\r\n                                    <div class=\"slick-slide\">\r\n                        <img decoding=\"async\" class=\"\" src=\"https:\/\/scandinavian-international-clinics.es\/wp-content\/uploads\/2025\/02\/Norwegian-fysioterapeut-Albir-Costa-Blanca-475x600.jpg\" width=\"475\" height=\"600\" alt=\"Norwegian fysioterapeut Albir Costa Blanca\" title=\"Norwegian fysioterapeut Albir Costa Blanca\" \/>                    <\/div>\r\n                                    <div class=\"slick-slide\">\r\n                        <img decoding=\"async\" class=\"\" src=\"https:\/\/scandinavian-international-clinics.es\/wp-content\/uploads\/2025\/02\/Engelsk-tannlege-Costa-Blanca-Albir-475x600.jpg\" width=\"475\" height=\"600\" alt=\"Engelsk tannlege Costa Blanca Albir\" title=\"Engelsk tannlege Costa Blanca Albir\" \/>                    <\/div>\r\n                            <\/div>\r\n        <\/div>\r\n    <\/div>\r\n\t\t\t\t<\/div>\n\t\t\t\t<\/div>\n\t\t\t\t<div class=\"elementor-element elementor-element-000c5fa elementor-widget elementor-widget-text-editor\" data-id=\"000c5fa\" data-element_type=\"widget\" data-widget_type=\"text-editor.default\">\n\t\t\t\t\t\t\t\t\t<h5>Tjenester:<\/h5>\t\t\t\t\t\t\t\t<\/div>\n\t\t\t\t<div class=\"elementor-element elementor-element-5a5474d elementor-widget elementor-widget-ct_list\" data-id=\"5a5474d\" data-element_type=\"widget\" data-widget_type=\"ct_list.default\">\n\t\t\t\t<div class=\"elementor-widget-container\">\n\t\t\t\t\t    <div class=\"ct-list style1 \">\r\n                    <div class=\"ct-list-item \" data-wow-delay=\"ms\">\r\n            \t<div class=\"ct-list-icon\"><i class=\"fac fac-check-circle\"><\/i><\/div>\r\n            \t<div class=\"ct-list-meta\">\r\n\t            \t<div class=\"ct-list-desc\">\r\n\t            \t\tAllmennlege: Medisinsk behandling for hele familien, inkludert diagnostikk, helsesjekk og behandling av akutte og kroniske sykdommer. Vi tilbyr ogs\u00e5 dermatologiske behandlinger, idrettsmedisin og behandling av muskel- og skjelettsmerter.\t            \t<\/div>\r\n                                            <a class=\"item--link\" href=\"https:\/\/scandinavian-international-clinics.es\/about\/english-medical-clinic-in-albir\/english-doctor-in-albir\/\"><\/a>\r\n                    \t            <\/div>\r\n           <\/div>\r\n                    <div class=\"ct-list-item \" data-wow-delay=\"ms\">\r\n            \t<div class=\"ct-list-icon\"><i class=\"fac fac-check-circle\"><\/i><\/div>\r\n            \t<div class=\"ct-list-meta\">\r\n\t            \t<div class=\"ct-list-desc\">\r\n\t            \t\tTannlege: Avansert tannbehandling med fokus p\u00e5 b\u00e5de forebyggende og spesialiserte behandlinger, som implantater, digital tannbehandling og behandling av tannkj\u00f8ttsykdommer.\t            \t<\/div>\r\n                                            <a class=\"item--link\" href=\"https:\/\/scandinavian-international-clinics.es\/about\/english-medical-clinic-in-albir\/english-dentist-in-albir\/\"><\/a>\r\n                    \t            <\/div>\r\n           <\/div>\r\n                    <div class=\"ct-list-item \" data-wow-delay=\"ms\">\r\n            \t<div class=\"ct-list-icon\"><i class=\"fac fac-check-circle\"><\/i><\/div>\r\n            \t<div class=\"ct-list-meta\">\r\n\t            \t<div class=\"ct-list-desc\">\r\n\t            \t\tMedisinske attester: Sertifiserte medisinske unders\u00f8kelser for luftfartspersonell, sj\u00f8folk, offshorearbeidere og f\u00f8rerkort, utf\u00f8rt i henhold til internasjonale standarder.\t            \t<\/div>\r\n                                            <a class=\"item--link\" href=\"https:\/\/scandinavian-international-clinics.es\/about\/english-medical-clinic-in-albir\/english-medical-certifications-in-albir\/\"><\/a>\r\n                    \t            <\/div>\r\n           <\/div>\r\n                    <div class=\"ct-list-item \" data-wow-delay=\"ms\">\r\n            \t<div class=\"ct-list-icon\"><i class=\"fac fac-check-circle\"><\/i><\/div>\r\n            \t<div class=\"ct-list-meta\">\r\n\t            \t<div class=\"ct-list-desc\">\r\n\t            \t\tFysioterapi: Personlig tilpasset behandling med fokus p\u00e5 rehabilitering, behandling av idrettsskader og smertebehandling.\t            \t<\/div>\r\n                                            <a class=\"item--link\" href=\"https:\/\/scandinavian-international-clinics.es\/about\/english-medical-clinic-in-albir\/english-physiotherapist-albir\/\"><\/a>\r\n                    \t            <\/div>\r\n           <\/div>\r\n                    <div class=\"ct-list-item \" data-wow-delay=\"ms\">\r\n            \t<div class=\"ct-list-icon\"><i class=\"fac fac-check-circle\"><\/i><\/div>\r\n            \t<div class=\"ct-list-meta\">\r\n\t            \t<div class=\"ct-list-desc\">\r\n\t            \t\tEvidensbasert trening: Trening som medisin: Ved bruk av tester, som VO2max, utvikles skreddersydde treningsprogrammer som forbedrer oksygenopptak og muskelstyrke.\t            \t<\/div>\r\n                    \t            <\/div>\r\n           <\/div>\r\n                    <div class=\"ct-list-item \" data-wow-delay=\"ms\">\r\n            \t<div class=\"ct-list-icon\"><i class=\"fac fac-check-circle\"><\/i><\/div>\r\n            \t<div class=\"ct-list-meta\">\r\n\t            \t<div class=\"ct-list-desc\">\r\n\t            \t\tVektkontrollklinikk: En spesialisert klinikk som kombinerer livsstilsendringer, medisiner og treningsveiledning for \u00e5 hjelpe pasienter med \u00e5 oppn\u00e5 langsiktige helsegevinster.\t            \t<\/div>\r\n                    \t            <\/div>\r\n           <\/div>\r\n                    <div class=\"ct-list-item \" data-wow-delay=\"ms\">\r\n            \t<div class=\"ct-list-icon\"><i class=\"fac fac-check-circle\"><\/i><\/div>\r\n            \t<div class=\"ct-list-meta\">\r\n\t            \t<div class=\"ct-list-desc\">\r\n\t            \t\tSykepleietjenester og hjemmebes\u00f8k: St\u00f8tte for pasienter som trenger oppf\u00f8lging, blodtrykksm\u00e5ling, s\u00e5rstell eller annen hjelp i hjemmet.\t            \t<\/div>\r\n                    \t            <\/div>\r\n           <\/div>\r\n                    <div class=\"ct-list-item \" data-wow-delay=\"ms\">\r\n            \t<div class=\"ct-list-icon\"><i class=\"fac fac-check-circle\"><\/i><\/div>\r\n            \t<div class=\"ct-list-meta\">\r\n\t            \t<div class=\"ct-list-desc\">\r\n\t            \t\tSmertebehandling: V\u00e5r terapeut innen nevralterapi tilbyr behandling for kroniske smertesyndromer.\t            \t<\/div>\r\n                    \t            <\/div>\r\n           <\/div>\r\n                    <div class=\"ct-list-item \" data-wow-delay=\"ms\">\r\n            \t<div class=\"ct-list-icon\"><i class=\"fac fac-check-circle\"><\/i><\/div>\r\n            \t<div class=\"ct-list-meta\">\r\n\t            \t<div class=\"ct-list-desc\">\r\n\t            \t\tAnti-aldringsbehandlinger: Avanserte terapier som inkluderer DNA-sekvensering, immunologi, hormonanalyse, telomerelengde-analyser og epigenetiske behandlinger.\t            \t<\/div>\r\n                    \t            <\/div>\r\n           <\/div>\r\n            <\/div>\r\n\t\t\t\t<\/div>\n\t\t\t\t<\/div>\n\t\t\t\t<div class=\"elementor-element elementor-element-b2e1d31 elementor-widget elementor-widget-ct_tabs\" data-id=\"b2e1d31\" data-element_type=\"widget\" data-widget_type=\"ct_tabs.default\">\n\t\t\t\t<div class=\"elementor-widget-container\">\n\t\t\t\t\t            <div class=\"ct-tabs ct-tabs--layout1 type-horizontal style1\">\n                <div class=\"ct-tabs-title\">\n                                            <span class=\"ct-tab-title active\" data-target=\"#ct_tabs-b2e1d31-9b25c0b\">\n                                                                                     SPESIALISTER        \n                        <\/span>\n                                            <span class=\"ct-tab-title \" data-target=\"#ct_tabs-b2e1d31-4f1a9d6\">\n                                                                                    NORSKTALENDE        \n                        <\/span>\n                                            <span class=\"ct-tab-title \" data-target=\"#ct_tabs-b2e1d31-d7551e8\">\n                                                                                    COSTA BLANCA        \n                        <\/span>\n                                    <\/div>\n\n                <div class=\"ct-tabs-content\">\n                                            <div class=\"ct-tab-content \" id=\"ct_tabs-b2e1d31-9b25c0b\" style=\"display:block;\"><p>V\u00e5rt team best\u00e5r av h\u00f8yt erfarne spesialister innen ulike felt, inkludert allmennleger, nevrologer, spesialister innen estetisk og regenerativ medisin, tropiske sykdommer og reisemedisin, idrettsmedisin, indremedisin, tannhelse og fysioterapi.<\/p><p>Du kan alltid v\u00e6re trygg p\u00e5 at du er i gode hender og mottar helsetjenester av h\u00f8yeste kvalitet.<\/p><\/div>\n                                            <div class=\"ct-tab-content \" id=\"ct_tabs-b2e1d31-4f1a9d6\"><p>V\u00e5rt personale snakker flytende norsk, og mange behersker ogs\u00e5 spr\u00e5k som engelsk, dansk, svensk, fransk, tysk og flere andre. N\u00e5r du kontakter oss, gi beskjed om hvilket spr\u00e5k du foretrekker, slik at vi kan hjelpe deg best mulig.<\/p><\/div>\n                                            <div class=\"ct-tab-content \" id=\"ct_tabs-b2e1d31-d7551e8\"><p>Scandinavian International Clinics behandler pasienter p\u00e5 Costa Blanca, fra Calpe, Albir, Alfaz del Pi, Altea og Benidorm til Vilajoyosa.<\/p><\/div>\n                                    <\/div>\n            <\/div>\n            \t\t\t\t<\/div>\n\t\t\t\t<\/div>\n\t\t            <\/div>\n        <\/div>\n                <div class=\"elementor-column elementor-col-33 elementor-top-column elementor-element elementor-element-1ea347e\" data-id=\"1ea347e\" data-element_type=\"column\">\n        <div class=\"elementor-widget-wrap elementor-element-populated\">\n                    \n        \t\t<div class=\"elementor-element elementor-element-37abe0e elementor-widget elementor-widget-ct_navigation_menu\" data-id=\"37abe0e\" data-element_type=\"widget\" data-widget_type=\"ct_navigation_menu.default\">\n\t\t\t\t<div class=\"elementor-widget-container\">\n\t\t\t\t\t    <div id=\"ct_navigation_menu-37abe0e\" class=\"ct-navigation-menu1 default\">\r\n        <div class=\"menu-menu-albir-no-container\"><ul id=\"menu-menu-albir-no\" class=\"menu\"><li id=\"menu-item-7450\" class=\"menu-item menu-item-type-post_type menu-item-object-page menu-item-7450\"><a href=\"https:\/\/scandinavian-international-clinics.es\/no\/norsk-medisinsk-klinikk-i-albir\/norsk-lege-i-albir\/\">Norsk lege i Albir<\/a><\/li>\n<li id=\"menu-item-7449\" class=\"menu-item menu-item-type-post_type menu-item-object-page menu-item-7449\"><a href=\"https:\/\/scandinavian-international-clinics.es\/no\/norsk-medisinsk-klinikk-i-albir\/norsk-fysioterapeut-i-albir\/\">Fysioterapeut i Albir<\/a><\/li>\n<li id=\"menu-item-7457\" class=\"menu-item menu-item-type-post_type menu-item-object-page menu-item-7457\"><a href=\"https:\/\/scandinavian-international-clinics.es\/no\/norsk-medisinsk-klinikk-i-albir\/tannlege-i-albir\/\">Tannlege i Albir<\/a><\/li>\n<li id=\"menu-item-7448\" class=\"menu-item menu-item-type-post_type menu-item-object-page menu-item-7448\"><a href=\"https:\/\/scandinavian-international-clinics.es\/no\/norsk-medisinsk-klinikk-i-albir\/medisinske-attester-i-albir\/\">Attester i Albir<\/a><\/li>\n<\/ul><\/div>    <\/div>\r\n\t\t\t\t<\/div>\n\t\t\t\t<\/div>\n\t\t\t\t<div class=\"elementor-element elementor-element-485af2c elementor-widget elementor-widget-spacer\" data-id=\"485af2c\" data-element_type=\"widget\" data-widget_type=\"spacer.default\">\n\t\t\t\t\t\t\t<div class=\"elementor-spacer\">\n\t\t\t<div class=\"elementor-spacer-inner\"><\/div>\n\t\t<\/div>\n\t\t\t\t\t\t<\/div>\n\t\t\t\t<div class=\"elementor-element elementor-element-d9aafb4 elementor-widget elementor-widget-ct_heading\" data-id=\"d9aafb4\" data-element_type=\"widget\" data-widget_type=\"ct_heading.default\">\n\t\t\t\t<div class=\"elementor-widget-container\">\n\t\t\t\t\t<div id=\"ct_heading-d9aafb4\" class=\"ct-heading h-align- sub-style1 ct-heading-left item-st-default\">\r\n\t<div class=\"ct-item--inner\">\r\n        <div class=\"ct-inline-css\"  data-css=\"\r\n            \">\r\n        <\/div>\r\n                <h3 class=\"item--title st-default case-animate-time\" data-wow-delay=\"ms\">\r\n                        <span class=\"sp-main\">\r\n                \r\n                Kontakt\r\n                \r\n                            <\/span>\r\n                    <\/h3>\r\n    <\/div>\r\n<\/div>\t\t\t\t<\/div>\n\t\t\t\t<\/div>\n\t\t\t\t<div class=\"elementor-element elementor-element-288c609 elementor-widget elementor-widget-ct_contact_info\" data-id=\"288c609\" data-element_type=\"widget\" data-widget_type=\"ct_contact_info.default\">\n\t\t\t\t<div class=\"elementor-widget-container\">\n\t\t\t\t\t    <ul id=\"ct_contact_info-288c609\" class=\"ct-contact-info ct-contact-info1 style2 \">\r\n        <div class=\"ct-inline-css\"  data-css=\"\r\n            \">\r\n\r\n        <\/div>\r\n                    <li>\r\n            \t\t\t\t        <span class=\"ct-contact-icon\">\r\n\t\t                <i aria-hidden=\"true\" class=\"fas fa-map-marked-alt\"><\/i>\t\t                \t\t\t        <\/span>\r\n\t\t\t                                                        <span class=\"ct-contact-content\">\r\n                       Carrer Vivaldi, 7<\/br>\n03581 l'Alf\u00e0s del Pi, Alicante                    <\/span>\r\n                           <\/li>\r\n                    <li>\r\n            \t\t\t\t        <span class=\"ct-contact-icon\">\r\n\t\t                <i aria-hidden=\"true\" class=\"material zmdi zmdi-phone\"><\/i>\t\t                \t\t\t        <\/span>\r\n\t\t\t                                                        <span class=\"ct-contact-content\">\r\n                        I \u00e5pningstiden:<br>+34 965 50 23 12<br>\n(9:00h \u2013 18:00h)<br>\n<br>\nHjelp utenfor \u00e5pningstiden:<br>+34 662 33 73 37<br>\n(18:00h \u2013 9:00h)                    <\/span>\r\n                           <\/li>\r\n                    <li>\r\n            \t\t\t\t        <span class=\"ct-contact-icon\">\r\n\t\t                <i aria-hidden=\"true\" class=\"material zmdi zmdi-email-open\"><\/i>\t\t                \t\t\t        <\/span>\r\n\t\t\t                                                        <span class=\"ct-contact-content\">\r\n                       info@siclinics.es                    <\/span>\r\n                           <\/li>\r\n                    <li>\r\n            \t\t\t\t        <span class=\"ct-contact-icon\">\r\n\t\t                <i aria-hidden=\"true\" class=\"material zmdi zmdi-time\"><\/i>\t\t                \t\t\t        <\/span>\r\n\t\t\t                                                        <span class=\"ct-contact-content\">\r\n                       Man-Fre 9:00h \u2013 15:00h\n<br>\nDrop-in: 9:00h \u2013 15:00h                    <\/span>\r\n                           <\/li>\r\n            <\/ul>\r\n\t\t\t\t<\/div>\n\t\t\t\t<\/div>\n\t\t\t\t<div class=\"elementor-element elementor-element-1fe68b5 elementor-widget elementor-widget-spacer\" data-id=\"1fe68b5\" data-element_type=\"widget\" data-widget_type=\"spacer.default\">\n\t\t\t\t\t\t\t<div class=\"elementor-spacer\">\n\t\t\t<div class=\"elementor-spacer-inner\"><\/div>\n\t\t<\/div>\n\t\t\t\t\t\t<\/div>\n\t\t\t\t<div class=\"elementor-element elementor-element-f744c25 elementor-widget elementor-widget-ct_heading\" data-id=\"f744c25\" data-element_type=\"widget\" data-widget_type=\"ct_heading.default\">\n\t\t\t\t<div class=\"elementor-widget-container\">\n\t\t\t\t\t<div id=\"ct_heading-f744c25\" class=\"ct-heading h-align- sub-style1 ct-heading-left item-st-default\">\r\n\t<div class=\"ct-item--inner\">\r\n        <div class=\"ct-inline-css\"  data-css=\"\r\n            \">\r\n        <\/div>\r\n                <h3 class=\"item--title st-default case-animate-time\" data-wow-delay=\"ms\">\r\n                        <span class=\"sp-main\">\r\n                \r\n                Alfaz del Pi \/ El Albir\r\n                \r\n                            <\/span>\r\n                    <\/h3>\r\n    <\/div>\r\n<\/div>\t\t\t\t<\/div>\n\t\t\t\t<\/div>\n\t\t<div class=\"elementor-element elementor-element-8cfc940 e-grid e-con-boxed e-con e-parent\" data-id=\"8cfc940\" data-element_type=\"container\">\n\t\t\t\t\t<div class=\"e-con-inner\">\n\t\t\t\t<div class=\"elementor-element elementor-element-881c94d elementor-widget elementor-widget-google_maps\" data-id=\"881c94d\" data-element_type=\"widget\" data-widget_type=\"google_maps.default\">\n\t\t\t\t\t\t\t<div class=\"elementor-custom-embed\">\n\t\t\t<iframe loading=\"lazy\"\n\t\t\t\t\tsrc=\"https:\/\/maps.google.com\/maps?q=Carrer%20Vivaldi%2C%207%2C%2003581%20l%27Alf%C3%A0s%20del%20Pi%2C%20Alacant%2C%20Spain&#038;t=m&#038;z=13&#038;output=embed&#038;iwloc=near\"\n\t\t\t\t\ttitle=\"Carrer Vivaldi, 7, 03581 l&#039;Alf\u00e0s del Pi, Alacant, Spain\"\n\t\t\t\t\taria-label=\"Carrer Vivaldi, 7, 03581 l&#039;Alf\u00e0s del Pi, Alacant, Spain\"\n\t\t\t><\/iframe>\n\t\t<\/div>\n\t\t\t\t\t\t<\/div>\n\t\t\t\t\t<\/div>\n\t\t\t\t<\/div>\n\t\t            <\/div>\n        <\/div>\n                    <\/div>\n        <\/section>\n        \t\t<\/div>\n\t\t","protected":false},"excerpt":{"rendered":"<p>Norsk medisinsk klinikk i Albir Scandinavian International Clinics behandler pasienter p\u00e5 Costa Blanca, i Albir, Alfaz del Pi, Altea, Benidorm, Calpe og Vilajoyosa. P\u00e5 v\u00e5r klinikk i Albir tilbyr vi en enkel drop-in-tjeneste i \u00e5pningstiden, mandag til fredag kl. 09:00\u201315:00. Du kan ogs\u00e5 ringe oss for \u00e5 avtale en time som passer for deg. Legene [&hellip;]<\/p>\n","protected":false},"author":1,"featured_media":0,"parent":0,"menu_order":0,"comment_status":"closed","ping_status":"closed","template":"","meta":{"footnotes":""},"class_list":["post-4865","page","type-page","status-publish","hentry"],"aioseo_notices":[],"_links":{"self":[{"href":"https:\/\/scandinavian-international-clinics.es\/no\/wp-json\/wp\/v2\/pages\/4865","targetHints":{"allow":["GET"]}}],"collection":[{"href":"https:\/\/scandinavian-international-clinics.es\/no\/wp-json\/wp\/v2\/pages"}],"about":[{"href":"https:\/\/scandinavian-international-clinics.es\/no\/wp-json\/wp\/v2\/types\/page"}],"author":[{"embeddable":true,"href":"https:\/\/scandinavian-international-clinics.es\/no\/wp-json\/wp\/v2\/users\/1"}],"replies":[{"embeddable":true,"href":"https:\/\/scandinavian-international-clinics.es\/no\/wp-json\/wp\/v2\/comments?post=4865"}],"version-history":[{"count":147,"href":"https:\/\/scandinavian-international-clinics.es\/no\/wp-json\/wp\/v2\/pages\/4865\/revisions"}],"predecessor-version":[{"id":9558,"href":"https:\/\/scandinavian-international-clinics.es\/no\/wp-json\/wp\/v2\/pages\/4865\/revisions\/9558"}],"wp:attachment":[{"href":"https:\/\/scandinavian-international-clinics.es\/no\/wp-json\/wp\/v2\/media?parent=4865"}],"curies":[{"name":"wp","href":"https:\/\/api.w.org\/{rel}","templated":true}]}}