{"id":4862,"date":"2025-01-19T09:37:53","date_gmt":"2025-01-19T09:37:53","guid":{"rendered":"https:\/\/scandinavian-international-clinics.es\/denia\/"},"modified":"2026-01-13T23:11:23","modified_gmt":"2026-01-13T23:11:23","slug":"norsk-medisinsk-klinikk-i-denia","status":"publish","type":"page","link":"https:\/\/scandinavian-international-clinics.es\/no\/norsk-medisinsk-klinikk-i-denia\/","title":{"rendered":"Norsk medisinsk klinikk i D\u00e9nia"},"content":{"rendered":"\t\t<div data-elementor-type=\"wp-page\" data-elementor-id=\"4862\" class=\"elementor elementor-4862 elementor-4860\">\n\t\t\t\t        <section class=\"elementor-section elementor-top-section elementor-element elementor-element-6699c9b elementor-section-boxed elementor-section-height-default elementor-section-height-default ct-header-fixed-none ct-row-max-none\" data-id=\"6699c9b\" data-element_type=\"section\">\n            \n                        <div class=\"elementor-container elementor-column-gap-extended \">\n                    <div class=\"elementor-column elementor-col-66 elementor-top-column elementor-element elementor-element-58b238c\" data-id=\"58b238c\" data-element_type=\"column\">\n        <div class=\"elementor-widget-wrap elementor-element-populated\">\n                    \n        \t\t<div class=\"elementor-element elementor-element-cc1695e elementor-widget elementor-widget-ct_title\" data-id=\"cc1695e\" data-element_type=\"widget\" data-widget_type=\"ct_title.default\">\n\t\t\t\t<div class=\"elementor-widget-container\">\n\t\t\t\t\t<div class=\"ct-title1 style2\">\r\n    <h3>\r\n    \t\t        <span>Norsk medisinsk klinikk i D\u00e9nia<\/span>\r\n\t        <i><\/i>\r\n\t        <\/h3>\r\n<\/div>\t\t\t\t<\/div>\n\t\t\t\t<\/div>\n\t\t\t\t<div class=\"elementor-element elementor-element-b6ba9e4 elementor-widget elementor-widget-text-editor\" data-id=\"b6ba9e4\" data-element_type=\"widget\" data-widget_type=\"text-editor.default\">\n\t\t\t\t\t\t\t\t\t<p>Scandinavian International Clinics behandler pasienter p\u00e5 Costa Blanca, i D\u00e9nia, J\u00e1vea, Ondara, Pedreguer, Moraira og Benissa.<\/p><p>V\u00e5re leger er flerspr\u00e5klige og snakker norsk, engelsk,\u00a0 spansk, dansk, svensk, fransk, tysk og flere andre spr\u00e5k.<\/p><p>V\u00e5r moderne klinikk tilbyr et bredt spekter av tjenester, fra generell helsehjelp og spesialiserte behandlinger til hjemmebes\u00f8k for pasienter som trenger omsorg i eget hjem.<\/p>\t\t\t\t\t\t\t\t<\/div>\n\t\t\t\t<div class=\"elementor-element elementor-element-f266388 elementor-widget elementor-widget-text-editor\" data-id=\"f266388\" data-element_type=\"widget\" data-widget_type=\"text-editor.default\">\n\t\t\t\t\t\t\t\t\t<h5>Ring oss for \u00e5 bestille time: <a href=\"tel: +34 965 502 312\">+34 965 50 23 12<\/a><\/h5>\t\t\t\t\t\t\t\t<\/div>\n\t\t\t\t<div class=\"elementor-element elementor-element-8f36f33 elementor-widget elementor-widget-ct_gallery_carousel\" data-id=\"8f36f33\" data-element_type=\"widget\" data-widget_type=\"ct_gallery_carousel.default\">\n\t\t\t\t<div class=\"elementor-widget-container\">\n\t\t\t\t\t    <div class=\"ct-gallery-carousel1 ct-slick-slider\">\r\n        <div class=\"ct-carousel-inner\">\r\n            <div class=\"ct-slick-carousel\" data-arrows=\"\" data-dots=\"true\" data-pauseOnHover=\"\" data-autoplay=\"true\" data-autoplaySpeed=\"5000\" data-infinite=\"\" data-speed=\"500\" data-colxs=\"1\" data-colsm=\"2\" data-colmd=\"2\" data-collg=\"2\" data-colxl=\"2\" data-dir=\"false\" data-slidesToScroll=\"2\">\r\n                                    <div class=\"slick-slide\">\r\n                        <img fetchpriority=\"high\" decoding=\"async\" class=\"\" src=\"https:\/\/scandinavian-international-clinics.es\/wp-content\/uploads\/2025\/02\/Denia-Fastlege-Costa-Blanca-475x600.jpg\" width=\"475\" height=\"600\" alt=\"D\u00e9nia Fastlege Costa Blanca\" title=\"D\u00e9nia Fastlege Costa Blanca\" \/>                    <\/div>\r\n                                    <div class=\"slick-slide\">\r\n                        <img decoding=\"async\" class=\"\" src=\"https:\/\/scandinavian-international-clinics.es\/wp-content\/uploads\/2025\/02\/Sykepleier-Denia-Costa-Blanca-475x600.jpg\" width=\"475\" height=\"600\" alt=\"Sykepleier D\u00e9nia Costa Blanca\" title=\"Sykepleier D\u00e9nia Costa Blanca\" \/>                    <\/div>\r\n                                    <div class=\"slick-slide\">\r\n                        <img decoding=\"async\" class=\"\" src=\"https:\/\/scandinavian-international-clinics.es\/wp-content\/uploads\/2025\/02\/Fastlege-Norwegian-Denia-475x600.jpg\" width=\"475\" height=\"600\" alt=\"Fastlege Norwegian D\u00e9nia\" title=\"Fastlege Norwegian D\u00e9nia\" \/>                    <\/div>\r\n                            <\/div>\r\n        <\/div>\r\n    <\/div>\r\n\t\t\t\t<\/div>\n\t\t\t\t<\/div>\n\t\t\t\t<div class=\"elementor-element elementor-element-c335117 elementor-widget elementor-widget-text-editor\" data-id=\"c335117\" data-element_type=\"widget\" data-widget_type=\"text-editor.default\">\n\t\t\t\t\t\t\t\t\t<h5>Tjenester:<\/h5>\t\t\t\t\t\t\t\t<\/div>\n\t\t\t\t<div class=\"elementor-element elementor-element-d75bb94 elementor-widget elementor-widget-ct_list\" data-id=\"d75bb94\" data-element_type=\"widget\" data-widget_type=\"ct_list.default\">\n\t\t\t\t<div class=\"elementor-widget-container\">\n\t\t\t\t\t    <div class=\"ct-list style1 \">\r\n                    <div class=\"ct-list-item \" data-wow-delay=\"ms\">\r\n            \t<div class=\"ct-list-icon\"><i class=\"fac fac-check-circle\"><\/i><\/div>\r\n            \t<div class=\"ct-list-meta\">\r\n\t            \t<div class=\"ct-list-desc\">\r\n\t            \t\tTjenester fra allmennleger: Omfattende helsehjelp for alle aldre, inkludert diagnostikk, helsesjekker og behandling av akutte og kroniske tilstander. Vi tilbyr ogs\u00e5 tjenester innen dermatologi, idrettsmedisin og behandling av muskel- og skjelettsmerter.\t            \t<\/div>\r\n                                            <a class=\"item--link\" href=\"https:\/\/scandinavian-international-clinics.es\/about\/english-medical-clinic-in-albir\/english-doctor-in-albir\/\"><\/a>\r\n                    \t            <\/div>\r\n           <\/div>\r\n                    <div class=\"ct-list-item \" data-wow-delay=\"ms\">\r\n            \t<div class=\"ct-list-icon\"><i class=\"fac fac-check-circle\"><\/i><\/div>\r\n            \t<div class=\"ct-list-meta\">\r\n\t            \t<div class=\"ct-list-desc\">\r\n\t            \t\tMedisinske attester: Akkrediterte medisinske unders\u00f8kelser for luftfartsprofesjonelle, sj\u00f8folk, offshorearbeidere og sj\u00e5f\u00f8rer. Alle vurderinger overholder anerkjente internasjonale helsekrav.\t            \t<\/div>\r\n                                            <a class=\"item--link\" href=\"https:\/\/scandinavian-international-clinics.es\/about\/english-medical-clinic-in-albir\/english-medical-certifications-in-albir\/\"><\/a>\r\n                    \t            <\/div>\r\n           <\/div>\r\n                    <div class=\"ct-list-item \" data-wow-delay=\"ms\">\r\n            \t<div class=\"ct-list-icon\"><i class=\"fac fac-check-circle\"><\/i><\/div>\r\n            \t<div class=\"ct-list-meta\">\r\n\t            \t<div class=\"ct-list-desc\">\r\n\t            \t\tEvidensbasert trening: Skreddersydde treningsprogrammer med avanserte m\u00e5linger som VO2max-testing, designet for \u00e5 forbedre kardiovaskul\u00e6r helse og muskelstyrke som en del av en medisinsk tiln\u00e6rming til trening.\n\n.\t            \t<\/div>\r\n                    \t            <\/div>\r\n           <\/div>\r\n                    <div class=\"ct-list-item \" data-wow-delay=\"ms\">\r\n            \t<div class=\"ct-list-icon\"><i class=\"fac fac-check-circle\"><\/i><\/div>\r\n            \t<div class=\"ct-list-meta\">\r\n\t            \t<div class=\"ct-list-desc\">\r\n\t            \t\tVektkontrollprogrammer: En omfattende klinikk som tilbyr livsstilsveiledning, medisiner og treningsr\u00e5d for \u00e5 st\u00f8tte b\u00e6rekraftig vekttap og generelle helseforbedringer.\t            \t<\/div>\r\n                    \t            <\/div>\r\n           <\/div>\r\n                    <div class=\"ct-list-item \" data-wow-delay=\"ms\">\r\n            \t<div class=\"ct-list-icon\"><i class=\"fac fac-check-circle\"><\/i><\/div>\r\n            \t<div class=\"ct-list-meta\">\r\n\t            \t<div class=\"ct-list-desc\">\r\n\t            \t\tSykepleiest\u00f8tte og hjemmepleie: Hjelp til pasienter som trenger oppf\u00f8lging, blodtrykksm\u00e5ling, s\u00e5rstell eller annen st\u00f8tte direkte i hjemmet.\t            \t<\/div>\r\n                    \t            <\/div>\r\n           <\/div>\r\n                    <div class=\"ct-list-item \" data-wow-delay=\"ms\">\r\n            \t<div class=\"ct-list-icon\"><i class=\"fac fac-check-circle\"><\/i><\/div>\r\n            \t<div class=\"ct-list-meta\">\r\n\t            \t<div class=\"ct-list-desc\">\r\n\t            \t\tSmertebehandling: Avanserte behandlinger som bruker nevralterapiteknikker for effektiv h\u00e5ndtering og behandling av kroniske smerter.\n\n\t            \t<\/div>\r\n                    \t            <\/div>\r\n           <\/div>\r\n                    <div class=\"ct-list-item \" data-wow-delay=\"ms\">\r\n            \t<div class=\"ct-list-icon\"><i class=\"fac fac-check-circle\"><\/i><\/div>\r\n            \t<div class=\"ct-list-meta\">\r\n\t            \t<div class=\"ct-list-desc\">\r\n\t            \t\tAnti-aldringsl\u00f8sninger: Moderne terapier som integrerer DNA-analyse, overv\u00e5king av hormonniv\u00e5er, telomertesting og epigenetiske tiln\u00e6rminger for \u00e5 fremme sunn aldring.\n\n\n\n\n\n\n\n\t            \t<\/div>\r\n                    \t            <\/div>\r\n           <\/div>\r\n            <\/div>\r\n\t\t\t\t<\/div>\n\t\t\t\t<\/div>\n\t\t\t\t<div class=\"elementor-element elementor-element-577dfc1 elementor-widget elementor-widget-ct_tabs\" data-id=\"577dfc1\" data-element_type=\"widget\" data-widget_type=\"ct_tabs.default\">\n\t\t\t\t<div class=\"elementor-widget-container\">\n\t\t\t\t\t            <div class=\"ct-tabs ct-tabs--layout1 type-horizontal style1\">\n                <div class=\"ct-tabs-title\">\n                                            <span class=\"ct-tab-title active\" data-target=\"#ct_tabs-577dfc1-9b25c0b\">\n                                                                                    SPESIALISTER        \n                        <\/span>\n                                            <span class=\"ct-tab-title \" data-target=\"#ct_tabs-577dfc1-4f1a9d6\">\n                                                                                    NORSKTALENDE        \n                        <\/span>\n                                            <span class=\"ct-tab-title \" data-target=\"#ct_tabs-577dfc1-d7551e8\">\n                                                                                    Costa blanca        \n                        <\/span>\n                                    <\/div>\n\n                <div class=\"ct-tabs-content\">\n                                            <div class=\"ct-tab-content \" id=\"ct_tabs-577dfc1-9b25c0b\" style=\"display:block;\"><p>V\u00e5rt personale best\u00e5r av et team med erfarne spesialister innen ulike felt, inkludert allmennleger, nevrologer, spesialister innen estetisk og regenerativ medisin, tropesykdommer og reisemedisin, idrettsmedisin og indremedisin.<\/p><p>Du kan alltid v\u00e6re trygg p\u00e5 at du er i gode hender og f\u00e5r helsetjenester av h\u00f8yeste kvalitet.<\/p><\/div>\n                                            <div class=\"ct-tab-content \" id=\"ct_tabs-577dfc1-4f1a9d6\"><p>V\u00e5rt personale snakker flytende norsk, og mange behersker ogs\u00e5 spr\u00e5k som engelsk, spansk, dansk, svensk, fransk, tysk og flere andre. N\u00e5r du kontakter oss, gi beskjed om hvilket spr\u00e5k du foretrekker, slik at vi kan hjelpe deg best mulig.<\/p><\/div>\n                                            <div class=\"ct-tab-content \" id=\"ct_tabs-577dfc1-d7551e8\"><p>Scandinavian International Clinics behandler pasienter p\u00e5 Costa Blanca, fra D\u00e9nia, J\u00e1vea, Ondara, Pedreguer og Moraira til Benissa.<\/p><\/div>\n                                    <\/div>\n            <\/div>\n            \t\t\t\t<\/div>\n\t\t\t\t<\/div>\n\t\t            <\/div>\n        <\/div>\n                <div class=\"elementor-column elementor-col-33 elementor-top-column elementor-element elementor-element-374f51d\" data-id=\"374f51d\" data-element_type=\"column\">\n        <div class=\"elementor-widget-wrap elementor-element-populated\">\n                    \n        \t\t<div class=\"elementor-element elementor-element-5e5dea7 elementor-widget elementor-widget-ct_navigation_menu\" data-id=\"5e5dea7\" data-element_type=\"widget\" data-widget_type=\"ct_navigation_menu.default\">\n\t\t\t\t<div class=\"elementor-widget-container\">\n\t\t\t\t\t    <div id=\"ct_navigation_menu-5e5dea7\" class=\"ct-navigation-menu1 default\">\r\n        <div class=\"menu-menu-denia-no-container\"><ul id=\"menu-menu-denia-no\" class=\"menu\"><li id=\"menu-item-7451\" class=\"menu-item menu-item-type-post_type menu-item-object-page menu-item-7451\"><a href=\"https:\/\/scandinavian-international-clinics.es\/no\/norsk-medisinsk-klinikk-i-denia\/\">Medisinsk klinikk i Albir<\/a><\/li>\n<\/ul><\/div>    <\/div>\r\n\t\t\t\t<\/div>\n\t\t\t\t<\/div>\n\t\t\t\t<div class=\"elementor-element elementor-element-675f781 elementor-widget elementor-widget-spacer\" data-id=\"675f781\" data-element_type=\"widget\" data-widget_type=\"spacer.default\">\n\t\t\t\t\t\t\t<div class=\"elementor-spacer\">\n\t\t\t<div class=\"elementor-spacer-inner\"><\/div>\n\t\t<\/div>\n\t\t\t\t\t\t<\/div>\n\t\t\t\t<div class=\"elementor-element elementor-element-9a6e1f4 elementor-widget elementor-widget-ct_heading\" data-id=\"9a6e1f4\" data-element_type=\"widget\" data-widget_type=\"ct_heading.default\">\n\t\t\t\t<div class=\"elementor-widget-container\">\n\t\t\t\t\t<div id=\"ct_heading-9a6e1f4\" class=\"ct-heading h-align- sub-style1 ct-heading-left item-st-default\">\r\n\t<div class=\"ct-item--inner\">\r\n        <div class=\"ct-inline-css\"  data-css=\"\r\n            \">\r\n        <\/div>\r\n                <h3 class=\"item--title st-default case-animate-time\" data-wow-delay=\"ms\">\r\n                        <span class=\"sp-main\">\r\n                \r\n                Kontakt\r\n                \r\n                            <\/span>\r\n                    <\/h3>\r\n    <\/div>\r\n<\/div>\t\t\t\t<\/div>\n\t\t\t\t<\/div>\n\t\t\t\t<div class=\"elementor-element elementor-element-4bb7e35 elementor-widget elementor-widget-ct_contact_info\" data-id=\"4bb7e35\" data-element_type=\"widget\" data-widget_type=\"ct_contact_info.default\">\n\t\t\t\t<div class=\"elementor-widget-container\">\n\t\t\t\t\t    <ul id=\"ct_contact_info-4bb7e35\" class=\"ct-contact-info ct-contact-info1 style2 \">\r\n        <div class=\"ct-inline-css\"  data-css=\"\r\n            \">\r\n\r\n        <\/div>\r\n                    <li>\r\n            \t\t\t\t        <span class=\"ct-contact-icon\">\r\n\t\t                <i aria-hidden=\"true\" class=\"fas fa-map-marked-alt\"><\/i>\t\t                \t\t\t        <\/span>\r\n\t\t\t                                                        <span class=\"ct-contact-content\">\r\n                       C\/ del Marqu\u00e9s de Campo, 60, 2\u00ba, Puerta 18, 03700 D\u00e9nia, Alicante, Spania                    <\/span>\r\n                           <\/li>\r\n                    <li>\r\n            \t\t\t\t        <span class=\"ct-contact-icon\">\r\n\t\t                <i aria-hidden=\"true\" class=\"material zmdi zmdi-phone\"><\/i>\t\t                \t\t\t        <\/span>\r\n\t\t\t                                                        <a class=\"ct-contact-content ct-contact-link\" href=\"tel: +34 965 502 312\">\r\n                       I \u00e5pningstiden:<br>+34 965 50 23 12<br>\n(9:00h \u2013 18:00h)                    <\/a>\r\n                           <\/li>\r\n                    <li>\r\n            \t\t\t\t        <span class=\"ct-contact-icon\">\r\n\t\t                <i aria-hidden=\"true\" class=\"material zmdi zmdi-phone\"><\/i>\t\t                \t\t\t        <\/span>\r\n\t\t\t                                                        <span class=\"ct-contact-content\">\r\n                       Hjelp utenfor \u00e5pningstiden:<br>+34 662 33 73 37<br>\n(18:00h \u2013 9:00h)                    <\/span>\r\n                           <\/li>\r\n                    <li>\r\n            \t\t\t\t        <span class=\"ct-contact-icon\">\r\n\t\t                <i aria-hidden=\"true\" class=\"material zmdi zmdi-email-open\"><\/i>\t\t                \t\t\t        <\/span>\r\n\t\t\t                                                        <span class=\"ct-contact-content\">\r\n                       info@siclinics.es                    <\/span>\r\n                           <\/li>\r\n                    <li>\r\n            \t\t\t\t        <span class=\"ct-contact-icon\">\r\n\t\t                <i aria-hidden=\"true\" class=\"material zmdi zmdi-time\"><\/i>\t\t                \t\t\t        <\/span>\r\n\t\t\t                                                        <span class=\"ct-contact-content\">\r\n                       Man-Fre 9:00h \u2013 18:00h<br>\nRing oss for \u00e5 bestille time                    <\/span>\r\n                           <\/li>\r\n            <\/ul>\r\n\t\t\t\t<\/div>\n\t\t\t\t<\/div>\n\t\t\t\t<div class=\"elementor-element elementor-element-f53512a elementor-widget elementor-widget-spacer\" data-id=\"f53512a\" data-element_type=\"widget\" data-widget_type=\"spacer.default\">\n\t\t\t\t\t\t\t<div class=\"elementor-spacer\">\n\t\t\t<div class=\"elementor-spacer-inner\"><\/div>\n\t\t<\/div>\n\t\t\t\t\t\t<\/div>\n\t\t\t\t<div class=\"elementor-element elementor-element-44d4271 elementor-widget elementor-widget-ct_heading\" data-id=\"44d4271\" data-element_type=\"widget\" data-widget_type=\"ct_heading.default\">\n\t\t\t\t<div class=\"elementor-widget-container\">\n\t\t\t\t\t<div id=\"ct_heading-44d4271\" class=\"ct-heading h-align- sub-style1 ct-heading-left item-st-default\">\r\n\t<div class=\"ct-item--inner\">\r\n        <div class=\"ct-inline-css\"  data-css=\"\r\n            \">\r\n        <\/div>\r\n                <h3 class=\"item--title st-default case-animate-time\" data-wow-delay=\"ms\">\r\n                        <span class=\"sp-main\">\r\n                \r\n                D\u00e9nia\r\n                \r\n                            <\/span>\r\n                    <\/h3>\r\n    <\/div>\r\n<\/div>\t\t\t\t<\/div>\n\t\t\t\t<\/div>\n\t\t<div class=\"elementor-element elementor-element-133db14 e-grid e-con-boxed e-con e-parent\" data-id=\"133db14\" data-element_type=\"container\">\n\t\t\t\t\t<div class=\"e-con-inner\">\n\t\t\t\t<div class=\"elementor-element elementor-element-1904289 elementor-widget elementor-widget-google_maps\" data-id=\"1904289\" data-element_type=\"widget\" data-widget_type=\"google_maps.default\">\n\t\t\t\t\t\t\t<div class=\"elementor-custom-embed\">\n\t\t\t<iframe loading=\"lazy\"\n\t\t\t\t\tsrc=\"https:\/\/maps.google.com\/maps?q=C%2FMarqu%C3%A9s%20de%20Campo%2060%2C%202o%20puerta%2018%2003700%20D%C3%A9nia&#038;t=m&#038;z=13&#038;output=embed&#038;iwloc=near\"\n\t\t\t\t\ttitle=\"C\/Marqu\u00e9s de Campo 60, 2o puerta 18 03700 D\u00e9nia\"\n\t\t\t\t\taria-label=\"C\/Marqu\u00e9s de Campo 60, 2o puerta 18 03700 D\u00e9nia\"\n\t\t\t><\/iframe>\n\t\t<\/div>\n\t\t\t\t\t\t<\/div>\n\t\t\t\t\t<\/div>\n\t\t\t\t<\/div>\n\t\t            <\/div>\n        <\/div>\n                    <\/div>\n        <\/section>\n        \t\t<\/div>\n\t\t","protected":false},"excerpt":{"rendered":"<p>Norsk medisinsk klinikk i D\u00e9nia Scandinavian International Clinics behandler pasienter p\u00e5 Costa Blanca, i D\u00e9nia, J\u00e1vea, Ondara, Pedreguer, Moraira og Benissa. V\u00e5re leger er flerspr\u00e5klige og snakker norsk, engelsk,\u00a0 spansk, dansk, svensk, fransk, tysk og flere andre spr\u00e5k. V\u00e5r moderne klinikk tilbyr et bredt spekter av tjenester, fra generell helsehjelp og spesialiserte behandlinger til hjemmebes\u00f8k [&hellip;]<\/p>\n","protected":false},"author":1,"featured_media":0,"parent":0,"menu_order":0,"comment_status":"closed","ping_status":"closed","template":"","meta":{"footnotes":""},"class_list":["post-4862","page","type-page","status-publish","hentry"],"aioseo_notices":[],"_links":{"self":[{"href":"https:\/\/scandinavian-international-clinics.es\/no\/wp-json\/wp\/v2\/pages\/4862","targetHints":{"allow":["GET"]}}],"collection":[{"href":"https:\/\/scandinavian-international-clinics.es\/no\/wp-json\/wp\/v2\/pages"}],"about":[{"href":"https:\/\/scandinavian-international-clinics.es\/no\/wp-json\/wp\/v2\/types\/page"}],"author":[{"embeddable":true,"href":"https:\/\/scandinavian-international-clinics.es\/no\/wp-json\/wp\/v2\/users\/1"}],"replies":[{"embeddable":true,"href":"https:\/\/scandinavian-international-clinics.es\/no\/wp-json\/wp\/v2\/comments?post=4862"}],"version-history":[{"count":103,"href":"https:\/\/scandinavian-international-clinics.es\/no\/wp-json\/wp\/v2\/pages\/4862\/revisions"}],"predecessor-version":[{"id":9552,"href":"https:\/\/scandinavian-international-clinics.es\/no\/wp-json\/wp\/v2\/pages\/4862\/revisions\/9552"}],"wp:attachment":[{"href":"https:\/\/scandinavian-international-clinics.es\/no\/wp-json\/wp\/v2\/media?parent=4862"}],"curies":[{"name":"wp","href":"https:\/\/api.w.org\/{rel}","templated":true}]}}